{"id":13775,"date":"2020-07-24T12:14:46","date_gmt":"2020-07-24T12:14:46","guid":{"rendered":"https:\/\/magnall.com\/?page_id=13775"},"modified":"2020-07-28T16:02:58","modified_gmt":"2020-07-28T16:02:58","slug":"magnall-sleep","status":"publish","type":"page","link":"https:\/\/magnall.com\/en\/magnall-sleep\/","title":{"rendered":"Magnall\u00ae Sleep"},"content":{"rendered":"<section class=\"wpb-content-wrapper\"><p>[vc_row][vc_column][insight_about image=&#8221;2152&#8243; carousel_images=&#8221;3246,3248,3250,3252,3254&#8243; title=&#8221;WHAT IS MAGNALL\u00ae SLEEP?&#8221; css=&#8221;.vc_custom_1595591428857{margin-bottom: 140px !important;}&#8221;]Magnall<sup>\u00ae<\/sup> Sleep is a unique formulation of magnesium with melatonin, the active form of folic acid and vitamins B6 and B12, and helps elimination of insomnia symptoms and sleep disorders.<\/p>\n<p>Magnall<sup>\u00ae<\/sup> Sleep has a beneficial effect on sleeping at people under stress, who work in shifts, change time zones, as well as among older adults.<\/p>\n<p>Magnall<sup>\u00ae<\/sup> Sleep has a triple effect by affecting the circadian rhythm ( the sleep-wake cycle):<\/p>\n<p>1. It makes it easier for you to fall asleep faster<br \/>\n2. Improves duration and length, as well as sleep quality<br \/>\n3. You wake up more rested.<\/p>\n<p><strong>Magnall<sup>\u00ae<\/sup> Sleep<\/strong> is in the form of plant origin capsules and does not contain gluten. The pack contains 10 capsules.<\/p>\n<p>[\/insight_about][\/vc_column][\/vc_row][vc_row][vc_column width=&#8221;1\/2&#8243; css=&#8221;.vc_custom_1561976548374{margin-top: -230px !important;}&#8221; offset=&#8221;vc_hidden-md vc_hidden-sm vc_hidden-xs&#8221;][vc_raw_html]JTNDYSUyMGhyZWYlM0QlMjJodHRwcyUzQSUyRiUyRm15aGVyYmFjdXJlLmNvbSUyRiUzRnMlM0RtYWduYWxsJTI2cG9zdF90eXBlJTNEcHJvZHVjdCUyNnByb2R1Y3RfY2F0JTNEMCUyMiUzRSUzQ2J1dHRvbiUyMGlkJTNEJTIyZHVnbWUtYm9qYTElMjIlMjBjbGFzcyUzRCUyMmJ0bjIlMjBidG4tc3F1YXJlJTIwYnRuLWwlMjBkdWdtZWUlMjIlM0VPcmRlciUyME9ubGluZSUzQyUyRmJ1dHRvbiUzRSUzQyUyRmElM0U=[\/vc_raw_html][\/vc_column][vc_column width=&#8221;1\/2&#8243;][\/vc_column][\/vc_row][vc_row][vc_column css=&#8221;.vc_custom_1561977006917{margin-top: -60px !important;}&#8221; offset=&#8221;vc_hidden-lg&#8221;][vc_raw_html]JTNDYSUyMGhyZWYlM0QlMjJodHRwcyUzQSUyRiUyRm15aGVyYmFjdXJlLmNvbSUyRiUzRnMlM0RtYWduYWxsJTI2cG9zdF90eXBlJTNEcHJvZHVjdCUyNnByb2R1Y3RfY2F0JTNEMCUyMiUzRSUzQ2J1dHRvbiUyMGlkJTNEJTIyZHVnbWUtYm9qYTElMjIlMjBjbGFzcyUzRCUyMmJ0bjIlMjBidG4tc3F1YXJlJTIwYnRuLWwlMjBkdWdtZWUlMjIlM0VPcmRlciUyME9ubGluZSUzQyUyRmJ1dHRvbiUzRSUzQyUyRmElM0U=[\/vc_raw_html][\/vc_column][\/vc_row][vc_row full_width=&#8221;stretch_row&#8221; css=&#8221;.vc_custom_1561555965079{background-color: #003399 !important;}&#8221;][vc_column css=&#8221;.vc_custom_1471248372959{padding-top: 0px !important;}&#8221;][vc_video link=&#8221;https:\/\/www.youtube.com\/watch?v=OgAdX6vcPJw&#8221; css=&#8221;.vc_custom_1585221819983{padding-top: 50px !important;}&#8221;][insight_title separator_enable=&#8221;yes&#8221; style=&#8221;color&#8221; title=&#8221;What are the benefits of Magnall\u00ae Sleep?&#8221; css=&#8221;.vc_custom_1595591507314{margin-top: 70px !important;}&#8221; el_class=&#8221;bela-slova&#8221;][\/vc_column][\/vc_row][vc_row full_width=&#8221;stretch_row&#8221; css=&#8221;.vc_custom_1561555956052{margin-bottom: 0px !important;padding-bottom: 50px !important;background-color: #003399 !important;}&#8221;][vc_column width=&#8221;1\/3&#8243;][insight_icon_boxes icon_type=&#8221;custom&#8221; element_tag=&#8221;h3&#8243; title=&#8221;Metabolism:&#8221; custom_icon=&#8221;2287&#8243; el_class=&#8221;bela-slova&#8221;]Magnesium contributes to electrolytic balance and regulation of hormonal activity. The vitamin B complex helps the metabolic system of fats, carbohydrates and proteins.[\/insight_icon_boxes][insight_icon_boxes icon_type=&#8221;custom&#8221; element_tag=&#8221;h3&#8243; title=&#8221;Energy:&#8221; custom_icon=&#8221;2260&#8243; el_class=&#8221;bela-slova&#8221;]Magnesium and folic acid contribute to fatigue reduction and exhaustion, and along with the vitamin B complex contribute to energy creation for next day.[\/insight_icon_boxes][\/vc_column][vc_column width=&#8221;1\/3&#8243; css=&#8221;.vc_custom_1471248306585{padding-top: 25px !important;}&#8221;][vc_single_image image=&#8221;2258&#8243; img_size=&#8221;full&#8221; alignment=&#8221;center&#8221; css=&#8221;.vc_custom_1561542131190{margin-top: 20px !important;}&#8221;][\/vc_column][vc_column width=&#8221;1\/3&#8243;][insight_icon_boxes style=&#8221;icon_on_right&#8221; icon_type=&#8221;custom&#8221; element_tag=&#8221;h3&#8243; title=&#8221;Muscles:&#8221; custom_icon=&#8221;2264&#8243; el_class=&#8221;bela-slova&#8221;]Magnesium and vitamin B complex contribute to the normal muscle function, as well as muscle relaxation. Without magnesium, our muscles would be in a permanent state of contraction.[\/insight_icon_boxes][insight_icon_boxes style=&#8221;icon_on_right&#8221; icon_type=&#8221;custom&#8221; element_tag=&#8221;h3&#8243; title=&#8221;Nervous system:&#8221; custom_icon=&#8221;2266&#8243; el_class=&#8221;bela-slova&#8221;]Magnesium and vitamin B complex contribute to the normal function of the nervous system. Melatonin may contribute to the neuroprotective effect of chronic sleep deprivation.[\/insight_icon_boxes][\/vc_column][vc_column css=&#8221;.vc_custom_1561108156756{margin-top: 0px !important;padding-top: 0px !important;}&#8221;][insight_icon_boxes style=&#8221;icon_on_top&#8221; icon_type=&#8221;custom&#8221; element_tag=&#8221;h3&#8243; title=&#8221;SLEEP CONTROL&#8221; css=&#8221;.vc_custom_1595591612286{margin-top: 0px !important;padding-top: 0px !important;}&#8221; el_class=&#8221;bela-slova&#8221; custom_icon=&#8221;2304&#8243;]Melatonin allows you to shorten the sleep time and alleviate the symptoms of jet lag (circadian desynchronization in the human body, caused by airplane flights, through several time zones, most often after intercontinental flights).<br \/>\nMelatonin and magnesium have an effect on controlling the thermoregulation of your body, which is very important in regulation of circadian rhythm.<\/p>\n<p>Melatonin i magnezijum imaju uticaj na kontrolu termoregulaciju va\u0161eg tela, \u0161to je veoma va\u017eno u regulaciji cirkardijalnog ritma.[\/insight_icon_boxes][\/vc_column][\/vc_row][vc_row][vc_column][insight_title separator_enable=&#8221;yes&#8221; style=&#8221;color&#8221; color=&#8221;#073d98&#8243; title=&#8221;Usage&#8221; css=&#8221;.vc_custom_1595591625388{margin-top: 75px !important;margin-bottom: 88px !important;}&#8221; el_class=&#8221;sleep-naslov&#8221;][\/vc_column][\/vc_row][vc_row][vc_column][vc_column_text]<\/p>\n<p style=\"text-align: center; font-size: 19px;\">&#8211; 1 capsule daily, 2 hours before bedtime.<\/p>\n<p>[\/vc_column_text][\/vc_column][\/vc_row]<\/p>\n<\/section>","protected":false},"excerpt":{"rendered":"<p>[vc_row][vc_column][insight_about image=&#8221;2152&#8243; carousel_images=&#8221;3246,3248,3250,3252,3254&#8243; title=&#8221;WHAT IS MAGNALL\u00ae SLEEP?&#8221; css=&#8221;.vc_custom_1595591428857{margin-bottom: 140px !important;}&#8221;]Magnall\u00ae Sleep is a unique formulation of magnesium with melatonin, the active form of folic acid and vitamins B6 and B12, and helps elimination of insomnia symptoms and sleep disorders. Magnall\u00ae Sleep has a beneficial effect on sleeping at people under stress, who work in shifts,&#8230;<\/p>\n","protected":false},"author":8,"featured_media":0,"parent":0,"menu_order":0,"comment_status":"closed","ping_status":"closed","template":"","meta":{"footnotes":""},"class_list":["post-13775","page","type-page","status-publish","hentry"],"yoast_head":"<!-- This site is optimized with the Yoast SEO plugin v27.4 - https:\/\/yoast.com\/product\/yoast-seo-wordpress\/ -->\n<title>Magnall\u00ae Sleep - Magnall - VI\u0160E OD MAGNEZIJUMA<\/title>\n<meta name=\"robots\" content=\"index, follow, max-snippet:-1, max-image-preview:large, max-video-preview:-1\" \/>\n<link rel=\"canonical\" href=\"https:\/\/magnall.com\/en\/magnall-sleep\/\" \/>\n<meta property=\"og:locale\" content=\"en_US\" \/>\n<meta property=\"og:type\" content=\"article\" \/>\n<meta property=\"og:title\" content=\"Magnall\u00ae Sleep - Magnall - VI\u0160E OD MAGNEZIJUMA\" \/>\n<meta property=\"og:description\" content=\"[vc_row][vc_column][insight_about image=&#8221;2152&#8243; carousel_images=&#8221;3246,3248,3250,3252,3254&#8243; title=&#8221;WHAT IS MAGNALL\u00ae SLEEP?&#8221; css=&#8221;.vc_custom_1595591428857{margin-bottom: 140px !important;}&#8221;]Magnall\u00ae Sleep is a unique formulation of magnesium with melatonin, the active form of folic acid and vitamins B6 and B12, and helps elimination of insomnia symptoms and sleep disorders. Magnall\u00ae Sleep has a beneficial effect on sleeping at people under stress, who work in shifts,...\" \/>\n<meta property=\"og:url\" content=\"https:\/\/magnall.com\/en\/magnall-sleep\/\" \/>\n<meta property=\"og:site_name\" content=\"Magnall - VI\u0160E OD MAGNEZIJUMA\" \/>\n<meta property=\"article:modified_time\" content=\"2020-07-28T16:02:58+00:00\" \/>\n<meta name=\"twitter:card\" content=\"summary_large_image\" \/>\n<meta name=\"twitter:label1\" content=\"Est. reading time\" \/>\n\t<meta name=\"twitter:data1\" content=\"4 minutes\" \/>\n<script type=\"application\/ld+json\" class=\"yoast-schema-graph\">{\"@context\":\"https:\\\/\\\/schema.org\",\"@graph\":[{\"@type\":\"WebPage\",\"@id\":\"https:\\\/\\\/magnall.com\\\/en\\\/magnall-sleep\\\/\",\"url\":\"https:\\\/\\\/magnall.com\\\/en\\\/magnall-sleep\\\/\",\"name\":\"Magnall\u00ae Sleep - Magnall - VI\u0160E OD MAGNEZIJUMA\",\"isPartOf\":{\"@id\":\"https:\\\/\\\/magnall.com\\\/#website\"},\"datePublished\":\"2020-07-24T12:14:46+00:00\",\"dateModified\":\"2020-07-28T16:02:58+00:00\",\"breadcrumb\":{\"@id\":\"https:\\\/\\\/magnall.com\\\/en\\\/magnall-sleep\\\/#breadcrumb\"},\"inLanguage\":\"en-US\",\"potentialAction\":[{\"@type\":\"ReadAction\",\"target\":[\"https:\\\/\\\/magnall.com\\\/en\\\/magnall-sleep\\\/\"]}]},{\"@type\":\"BreadcrumbList\",\"@id\":\"https:\\\/\\\/magnall.com\\\/en\\\/magnall-sleep\\\/#breadcrumb\",\"itemListElement\":[{\"@type\":\"ListItem\",\"position\":1,\"name\":\"\u041f\u043e\u0447\u0435\u0442\u043d\u0430\",\"item\":\"https:\\\/\\\/magnall.com\\\/en\\\/\"},{\"@type\":\"ListItem\",\"position\":2,\"name\":\"Magnall\u00ae Sleep\"}]},{\"@type\":\"WebSite\",\"@id\":\"https:\\\/\\\/magnall.com\\\/#website\",\"url\":\"https:\\\/\\\/magnall.com\\\/\",\"name\":\"Magnall - VI\u0160E OD MAGNEZIJUMA\",\"description\":\"\",\"potentialAction\":[{\"@type\":\"SearchAction\",\"target\":{\"@type\":\"EntryPoint\",\"urlTemplate\":\"https:\\\/\\\/magnall.com\\\/?s={search_term_string}\"},\"query-input\":{\"@type\":\"PropertyValueSpecification\",\"valueRequired\":true,\"valueName\":\"search_term_string\"}}],\"inLanguage\":\"en-US\"}]}<\/script>\n<!-- \/ Yoast SEO plugin. -->","yoast_head_json":{"title":"Magnall\u00ae Sleep - Magnall - VI\u0160E OD MAGNEZIJUMA","robots":{"index":"index","follow":"follow","max-snippet":"max-snippet:-1","max-image-preview":"max-image-preview:large","max-video-preview":"max-video-preview:-1"},"canonical":"https:\/\/magnall.com\/en\/magnall-sleep\/","og_locale":"en_US","og_type":"article","og_title":"Magnall\u00ae Sleep - Magnall - VI\u0160E OD MAGNEZIJUMA","og_description":"[vc_row][vc_column][insight_about image=&#8221;2152&#8243; carousel_images=&#8221;3246,3248,3250,3252,3254&#8243; title=&#8221;WHAT IS MAGNALL\u00ae SLEEP?&#8221; css=&#8221;.vc_custom_1595591428857{margin-bottom: 140px !important;}&#8221;]Magnall\u00ae Sleep is a unique formulation of magnesium with melatonin, the active form of folic acid and vitamins B6 and B12, and helps elimination of insomnia symptoms and sleep disorders. Magnall\u00ae Sleep has a beneficial effect on sleeping at people under stress, who work in shifts,...","og_url":"https:\/\/magnall.com\/en\/magnall-sleep\/","og_site_name":"Magnall - VI\u0160E OD MAGNEZIJUMA","article_modified_time":"2020-07-28T16:02:58+00:00","twitter_card":"summary_large_image","twitter_misc":{"Est. reading time":"4 minutes"},"schema":{"@context":"https:\/\/schema.org","@graph":[{"@type":"WebPage","@id":"https:\/\/magnall.com\/en\/magnall-sleep\/","url":"https:\/\/magnall.com\/en\/magnall-sleep\/","name":"Magnall\u00ae Sleep - Magnall - VI\u0160E OD MAGNEZIJUMA","isPartOf":{"@id":"https:\/\/magnall.com\/#website"},"datePublished":"2020-07-24T12:14:46+00:00","dateModified":"2020-07-28T16:02:58+00:00","breadcrumb":{"@id":"https:\/\/magnall.com\/en\/magnall-sleep\/#breadcrumb"},"inLanguage":"en-US","potentialAction":[{"@type":"ReadAction","target":["https:\/\/magnall.com\/en\/magnall-sleep\/"]}]},{"@type":"BreadcrumbList","@id":"https:\/\/magnall.com\/en\/magnall-sleep\/#breadcrumb","itemListElement":[{"@type":"ListItem","position":1,"name":"\u041f\u043e\u0447\u0435\u0442\u043d\u0430","item":"https:\/\/magnall.com\/en\/"},{"@type":"ListItem","position":2,"name":"Magnall\u00ae Sleep"}]},{"@type":"WebSite","@id":"https:\/\/magnall.com\/#website","url":"https:\/\/magnall.com\/","name":"Magnall - VI\u0160E OD MAGNEZIJUMA","description":"","potentialAction":[{"@type":"SearchAction","target":{"@type":"EntryPoint","urlTemplate":"https:\/\/magnall.com\/?s={search_term_string}"},"query-input":{"@type":"PropertyValueSpecification","valueRequired":true,"valueName":"search_term_string"}}],"inLanguage":"en-US"}]}},"jetpack_sharing_enabled":true,"_links":{"self":[{"href":"https:\/\/magnall.com\/en\/wp-json\/wp\/v2\/pages\/13775","targetHints":{"allow":["GET"]}}],"collection":[{"href":"https:\/\/magnall.com\/en\/wp-json\/wp\/v2\/pages"}],"about":[{"href":"https:\/\/magnall.com\/en\/wp-json\/wp\/v2\/types\/page"}],"author":[{"embeddable":true,"href":"https:\/\/magnall.com\/en\/wp-json\/wp\/v2\/users\/8"}],"replies":[{"embeddable":true,"href":"https:\/\/magnall.com\/en\/wp-json\/wp\/v2\/comments?post=13775"}],"version-history":[{"count":8,"href":"https:\/\/magnall.com\/en\/wp-json\/wp\/v2\/pages\/13775\/revisions"}],"predecessor-version":[{"id":13875,"href":"https:\/\/magnall.com\/en\/wp-json\/wp\/v2\/pages\/13775\/revisions\/13875"}],"wp:attachment":[{"href":"https:\/\/magnall.com\/en\/wp-json\/wp\/v2\/media?parent=13775"}],"curies":[{"name":"wp","href":"https:\/\/api.w.org\/{rel}","templated":true}]}}