{"id":14511,"date":"2021-03-05T13:36:32","date_gmt":"2021-03-05T13:36:32","guid":{"rendered":"https:\/\/magnall.com\/?post_type=product&#038;p=14511"},"modified":"2024-11-18T15:17:57","modified_gmt":"2024-11-18T15:17:57","slug":"magnall-citrate","status":"publish","type":"product","link":"https:\/\/magnall.com\/en\/porucivanje\/magnall-citrate\/","title":{"rendered":"Magnall Citrate"},"content":{"rendered":"<p>Magnall<sup>\u00ae<\/sup>\u00a0Citrate, novi dijetetski suplement na tr\u017ei\u0161tu iz multimagnezijum Magnall\u00ae linije, je pra\u0161ak za pripremu napitka koji u svom sastavu sadr\u017ei magnezijum u obliku magnezijum-citrata, vitamine C, D3, B6 i ekstrakt \u0111umbira.<\/p>\n<p>Aktivne komponente Magnall<sup>\u00ae<\/sup>\u00a0Citrata u navedenom sastavu-375 mg magnezijum-citrata, 500 mg vitamina C, 5 \u03bcg (200 IU) vitamina D3 i 1,4 mg vitamina B6, doprinose zna\u010dajno ve\u0107oj iskoristljivosti magnezijuma u obliku magnezijum-citrata u odnosu na druga jedinjenja magnezijuma , ja\u010danju imuniteta, rastu energetskog metabolizma, br\u017eem oporavku mi\u0161i\u0107a posle intenzivne fizi\u010dke aktivnosti, smanjenju umora i iscrpljenosti, normalnom funkcionisanju nervnog sistema i psiholo\u0161ke funkcije, ja\u010dem antioksidativnom efektu i za\u0161titi \u0107elija od oksidativnog stresa, odr\u017eanju zdravlja respiratornog trakta, o\u010duvanju optimalnog tonusa i vitalnosti organizma.<\/p>\n","protected":false},"excerpt":{"rendered":"<p>Magnall<sup>\u00ae<\/sup> Citrate se preporu\u010duje svim osobama izlo\u017eenim te\u0161kim fizi\u010dkim naporima, treninzima, sportistima, osobama sa oslabljenim imunitetom, osobama koje pate od hroni\u010dne iscrpljenosti, umora, pada energije i nedostatka snage za svakodnevne aktivnosti.<\/p>\n<p><strong>Pakovanje:<\/strong> 10 kesica<\/p>\n","protected":false},"featured_media":14690,"comment_status":"open","ping_status":"closed","template":"","meta":[],"product_brand":[],"product_cat":[201,52],"product_tag":[],"class_list":{"0":"post-14511","1":"product","2":"type-product","3":"status-publish","4":"has-post-thumbnail","6":"product_cat-citrate","7":"product_cat-magnall-proizvodi","9":"first","10":"outofstock","11":"shipping-taxable","12":"purchasable","13":"product-type-simple"},"yoast_head":"<!-- This site is optimized with the Yoast SEO plugin v27.4 - https:\/\/yoast.com\/product\/yoast-seo-wordpress\/ -->\n<title>Magnall Citrate - Magnall - VI\u0160E OD MAGNEZIJUMA<\/title>\n<meta name=\"robots\" content=\"index, follow, max-snippet:-1, max-image-preview:large, max-video-preview:-1\" \/>\n<link rel=\"canonical\" href=\"https:\/\/magnall.com\/porucivanje\/magnall-citrate\/\" \/>\n<meta property=\"og:locale\" content=\"en_US\" \/>\n<meta property=\"og:type\" content=\"article\" \/>\n<meta property=\"og:title\" content=\"Magnall Citrate - Magnall - VI\u0160E OD MAGNEZIJUMA\" \/>\n<meta property=\"og:description\" content=\"Magnall\u00ae Citrate se preporu\u010duje svim osobama izlo\u017eenim te\u0161kim fizi\u010dkim naporima, treninzima, sportistima, osobama sa oslabljenim imunitetom, osobama koje pate od hroni\u010dne iscrpljenosti, umora, pada energije i nedostatka snage za svakodnevne aktivnosti.  Pakovanje: 10 kesica\" \/>\n<meta property=\"og:url\" content=\"https:\/\/magnall.com\/porucivanje\/magnall-citrate\/\" \/>\n<meta property=\"og:site_name\" content=\"Magnall - VI\u0160E OD MAGNEZIJUMA\" \/>\n<meta property=\"article:modified_time\" content=\"2024-11-18T15:17:57+00:00\" \/>\n<meta property=\"og:image\" content=\"https:\/\/magnall.com\/wp-content\/uploads\/2019\/06\/magnall-citrate.jpg\" \/>\n\t<meta property=\"og:image:width\" content=\"570\" \/>\n\t<meta property=\"og:image:height\" content=\"570\" \/>\n\t<meta property=\"og:image:type\" content=\"image\/jpeg\" \/>\n<meta name=\"twitter:card\" content=\"summary_large_image\" \/>\n<meta name=\"twitter:label1\" content=\"Est. reading time\" \/>\n\t<meta name=\"twitter:data1\" content=\"1 minute\" \/>\n<script type=\"application\/ld+json\" class=\"yoast-schema-graph\">{\"@context\":\"https:\\\/\\\/schema.org\",\"@graph\":[{\"@type\":\"WebPage\",\"@id\":\"https:\\\/\\\/magnall.com\\\/porucivanje\\\/magnall-citrate\\\/\",\"url\":\"https:\\\/\\\/magnall.com\\\/porucivanje\\\/magnall-citrate\\\/\",\"name\":\"Magnall Citrate - Magnall - VI\u0160E OD MAGNEZIJUMA\",\"isPartOf\":{\"@id\":\"https:\\\/\\\/magnall.com\\\/#website\"},\"primaryImageOfPage\":{\"@id\":\"https:\\\/\\\/magnall.com\\\/porucivanje\\\/magnall-citrate\\\/#primaryimage\"},\"image\":{\"@id\":\"https:\\\/\\\/magnall.com\\\/porucivanje\\\/magnall-citrate\\\/#primaryimage\"},\"thumbnailUrl\":\"https:\\\/\\\/magnall.com\\\/wp-content\\\/uploads\\\/2019\\\/06\\\/magnall-citrate.jpg\",\"datePublished\":\"2021-03-05T13:36:32+00:00\",\"dateModified\":\"2024-11-18T15:17:57+00:00\",\"breadcrumb\":{\"@id\":\"https:\\\/\\\/magnall.com\\\/porucivanje\\\/magnall-citrate\\\/#breadcrumb\"},\"inLanguage\":\"en-US\",\"potentialAction\":[{\"@type\":\"ReadAction\",\"target\":[\"https:\\\/\\\/magnall.com\\\/porucivanje\\\/magnall-citrate\\\/\"]}]},{\"@type\":\"ImageObject\",\"inLanguage\":\"en-US\",\"@id\":\"https:\\\/\\\/magnall.com\\\/porucivanje\\\/magnall-citrate\\\/#primaryimage\",\"url\":\"https:\\\/\\\/magnall.com\\\/wp-content\\\/uploads\\\/2019\\\/06\\\/magnall-citrate.jpg\",\"contentUrl\":\"https:\\\/\\\/magnall.com\\\/wp-content\\\/uploads\\\/2019\\\/06\\\/magnall-citrate.jpg\",\"width\":570,\"height\":570},{\"@type\":\"BreadcrumbList\",\"@id\":\"https:\\\/\\\/magnall.com\\\/porucivanje\\\/magnall-citrate\\\/#breadcrumb\",\"itemListElement\":[{\"@type\":\"ListItem\",\"position\":1,\"name\":\"\u041f\u043e\u0447\u0435\u0442\u043d\u0430\",\"item\":\"https:\\\/\\\/magnall.com\\\/en\\\/\"},{\"@type\":\"ListItem\",\"position\":2,\"name\":\"Poru\u010divanje\",\"item\":\"https:\\\/\\\/magnall.com\\\/porucivanje\\\/\"},{\"@type\":\"ListItem\",\"position\":3,\"name\":\"Magnall Citrate\"}]},{\"@type\":\"WebSite\",\"@id\":\"https:\\\/\\\/magnall.com\\\/#website\",\"url\":\"https:\\\/\\\/magnall.com\\\/\",\"name\":\"Magnall - VI\u0160E OD MAGNEZIJUMA\",\"description\":\"\",\"potentialAction\":[{\"@type\":\"SearchAction\",\"target\":{\"@type\":\"EntryPoint\",\"urlTemplate\":\"https:\\\/\\\/magnall.com\\\/?s={search_term_string}\"},\"query-input\":{\"@type\":\"PropertyValueSpecification\",\"valueRequired\":true,\"valueName\":\"search_term_string\"}}],\"inLanguage\":\"en-US\"}]}<\/script>\n<!-- \/ Yoast SEO plugin. -->","yoast_head_json":{"title":"Magnall Citrate - Magnall - VI\u0160E OD MAGNEZIJUMA","robots":{"index":"index","follow":"follow","max-snippet":"max-snippet:-1","max-image-preview":"max-image-preview:large","max-video-preview":"max-video-preview:-1"},"canonical":"https:\/\/magnall.com\/porucivanje\/magnall-citrate\/","og_locale":"en_US","og_type":"article","og_title":"Magnall Citrate - Magnall - VI\u0160E OD MAGNEZIJUMA","og_description":"Magnall\u00ae Citrate se preporu\u010duje svim osobama izlo\u017eenim te\u0161kim fizi\u010dkim naporima, treninzima, sportistima, osobama sa oslabljenim imunitetom, osobama koje pate od hroni\u010dne iscrpljenosti, umora, pada energije i nedostatka snage za svakodnevne aktivnosti.  Pakovanje: 10 kesica","og_url":"https:\/\/magnall.com\/porucivanje\/magnall-citrate\/","og_site_name":"Magnall - VI\u0160E OD MAGNEZIJUMA","article_modified_time":"2024-11-18T15:17:57+00:00","og_image":[{"width":570,"height":570,"url":"https:\/\/magnall.com\/wp-content\/uploads\/2019\/06\/magnall-citrate.jpg","type":"image\/jpeg"}],"twitter_card":"summary_large_image","twitter_misc":{"Est. reading time":"1 minute"},"schema":{"@context":"https:\/\/schema.org","@graph":[{"@type":"WebPage","@id":"https:\/\/magnall.com\/porucivanje\/magnall-citrate\/","url":"https:\/\/magnall.com\/porucivanje\/magnall-citrate\/","name":"Magnall Citrate - Magnall - VI\u0160E OD MAGNEZIJUMA","isPartOf":{"@id":"https:\/\/magnall.com\/#website"},"primaryImageOfPage":{"@id":"https:\/\/magnall.com\/porucivanje\/magnall-citrate\/#primaryimage"},"image":{"@id":"https:\/\/magnall.com\/porucivanje\/magnall-citrate\/#primaryimage"},"thumbnailUrl":"https:\/\/magnall.com\/wp-content\/uploads\/2019\/06\/magnall-citrate.jpg","datePublished":"2021-03-05T13:36:32+00:00","dateModified":"2024-11-18T15:17:57+00:00","breadcrumb":{"@id":"https:\/\/magnall.com\/porucivanje\/magnall-citrate\/#breadcrumb"},"inLanguage":"en-US","potentialAction":[{"@type":"ReadAction","target":["https:\/\/magnall.com\/porucivanje\/magnall-citrate\/"]}]},{"@type":"ImageObject","inLanguage":"en-US","@id":"https:\/\/magnall.com\/porucivanje\/magnall-citrate\/#primaryimage","url":"https:\/\/magnall.com\/wp-content\/uploads\/2019\/06\/magnall-citrate.jpg","contentUrl":"https:\/\/magnall.com\/wp-content\/uploads\/2019\/06\/magnall-citrate.jpg","width":570,"height":570},{"@type":"BreadcrumbList","@id":"https:\/\/magnall.com\/porucivanje\/magnall-citrate\/#breadcrumb","itemListElement":[{"@type":"ListItem","position":1,"name":"\u041f\u043e\u0447\u0435\u0442\u043d\u0430","item":"https:\/\/magnall.com\/en\/"},{"@type":"ListItem","position":2,"name":"Poru\u010divanje","item":"https:\/\/magnall.com\/porucivanje\/"},{"@type":"ListItem","position":3,"name":"Magnall Citrate"}]},{"@type":"WebSite","@id":"https:\/\/magnall.com\/#website","url":"https:\/\/magnall.com\/","name":"Magnall - VI\u0160E OD MAGNEZIJUMA","description":"","potentialAction":[{"@type":"SearchAction","target":{"@type":"EntryPoint","urlTemplate":"https:\/\/magnall.com\/?s={search_term_string}"},"query-input":{"@type":"PropertyValueSpecification","valueRequired":true,"valueName":"search_term_string"}}],"inLanguage":"en-US"}]}},"jetpack_sharing_enabled":true,"_links":{"self":[{"href":"https:\/\/magnall.com\/en\/wp-json\/wp\/v2\/product\/14511","targetHints":{"allow":["GET"]}}],"collection":[{"href":"https:\/\/magnall.com\/en\/wp-json\/wp\/v2\/product"}],"about":[{"href":"https:\/\/magnall.com\/en\/wp-json\/wp\/v2\/types\/product"}],"replies":[{"embeddable":true,"href":"https:\/\/magnall.com\/en\/wp-json\/wp\/v2\/comments?post=14511"}],"wp:featuredmedia":[{"embeddable":true,"href":"https:\/\/magnall.com\/en\/wp-json\/wp\/v2\/media\/14690"}],"wp:attachment":[{"href":"https:\/\/magnall.com\/en\/wp-json\/wp\/v2\/media?parent=14511"}],"wp:term":[{"taxonomy":"product_brand","embeddable":true,"href":"https:\/\/magnall.com\/en\/wp-json\/wp\/v2\/product_brand?post=14511"},{"taxonomy":"product_cat","embeddable":true,"href":"https:\/\/magnall.com\/en\/wp-json\/wp\/v2\/product_cat?post=14511"},{"taxonomy":"product_tag","embeddable":true,"href":"https:\/\/magnall.com\/en\/wp-json\/wp\/v2\/product_tag?post=14511"}],"curies":[{"name":"wp","href":"https:\/\/api.w.org\/{rel}","templated":true}]}}