{"id":14004,"date":"2020-08-05T14:56:55","date_gmt":"2020-08-05T14:56:55","guid":{"rendered":"https:\/\/magnall.com\/?page_id=14004"},"modified":"2020-08-07T10:37:08","modified_gmt":"2020-08-07T10:37:08","slug":"magnall-sleep","status":"publish","type":"page","link":"https:\/\/magnall.com\/es\/magnall-sleep\/","title":{"rendered":"Magnall\u00ae Sleep"},"content":{"rendered":"<section class=\"wpb-content-wrapper\"><p>[vc_row][vc_column][insight_about image=\u00bb2152&#8243; carousel_images=\u00bb3246,3248,3250,3252,3254&#8243; title=\u00bb\u00bfQu\u00e9 es Magnall\u00ae Sleep?\u00bb css=\u00bb.vc_custom_1596796625923{margin-bottom: 140px !important;}\u00bb]Magnall<sup>\u00ae<\/sup> Sleep es una formulaci\u00f3n \u00fanica de magnesio con melatonina, forma activa de \u00e1cido f\u00f3lico y vitaminas B6 y B12. Ayuda a que se eliminen los s\u00edntomas de insomnio y de trastornos de sue\u00f1o.<\/p>\n<p>Magnall<sup>\u00ae<\/sup> Sleep tiene un efecto beneficioso sobre el sue\u00f1o en personas estresadas, que trabajan por turnos, cambian las zonas horarias, as\u00ed como en las personas mayores.<\/p>\n<p>Magnall<sup>\u00ae<\/sup> Sleep Magnall Sleep muestra un efecto triple al actuar sobre el ritmo circadiano (ciclo de sue\u00f1o y vigilia):<\/p>\n<p>1. Ayuda a que usted se duerma m\u00e1s r\u00e1pido<br \/>\n2. Mejora la duraci\u00f3n y la calidad de sue\u00f1o<br \/>\n3. Le ayuda a que se despierte m\u00e1s descansado<\/p>\n<p>La presentaci\u00f3n de <strong>Magnall<sup>\u00ae<\/sup> Sleep<\/strong> es en forma de c\u00e1psulas de origen vegetal y no contienen gluten. El paquete contiene 10 c\u00e1psulas.<\/p>\n<p><span style=\"color: red; font-weight: 600;\">\u00a1OFERTA!<\/span> Al ordenar 2 x Magnall Sleep recibe como regalo <a style=\"color: green; font-weight: 600;\" href=\"https:\/\/magnall.com\/korpa\/?add-to-cart=1667&amp;quantity=2\">un antifaz para dormir Magnall<\/a> \u00a1Dulces sue\u00f1os![\/insight_about][\/vc_column][\/vc_row][vc_row][vc_column width=\u00bb1\/2&#8243; css=\u00bb.vc_custom_1561976548374{margin-top: -230px !important;}\u00bb offset=\u00bbvc_hidden-md vc_hidden-sm vc_hidden-xs\u00bb][vc_raw_html]JTNDYSUyMGhyZWYlM0QlMjJodHRwcyUzQSUyRiUyRm1hZ25hbGwuY29tJTJGa29ycGElMkYlM0ZhZGQtdG8tY2FydCUzRDE2NjclMjZxdWFudGl0eSUzRDIlMjIlM0UlM0NidXR0b24lMjBpZCUzRCUyMmR1Z21lLWJvamExJTIyJTIwY2xhc3MlM0QlMjJidG4yJTIwYnRuLXNxdWFyZSUyMGJ0bi1sJTIwZHVnbWVlJTIyJTNFT3JkZW5lJTNDJTJGYnV0dG9uJTNFJTNDJTJGYSUzRQ==[\/vc_raw_html][\/vc_column][vc_column width=\u00bb1\/2&#8243;][\/vc_column][\/vc_row][vc_row][vc_column css=\u00bb.vc_custom_1561977006917{margin-top: -60px !important;}\u00bb offset=\u00bbvc_hidden-lg\u00bb][vc_raw_html]JTNDYSUyMGhyZWYlM0QlMjIlMkZwb3J1Y2l2YW5qZSUyRm1hZ25hbGwtc2xlZXAlMkYlMjIlM0UlM0NidXR0b24lMjBpZCUzRCUyMmR1Z21lLWJvamExJTIyJTIwY2xhc3MlM0QlMjJidG4yJTIwYnRuLXNxdWFyZSUyMGJ0bi1sJTIwZHVnbWVlJTIyJTNFUG9ydSVDNCU4RGl2YW5qZSUzQyUyRmJ1dHRvbiUzRSUzQyUyRmElM0U=[\/vc_raw_html][\/vc_column][\/vc_row][vc_row full_width=\u00bbstretch_row\u00bb css=\u00bb.vc_custom_1561555965079{background-color: #003399 !important;}\u00bb][vc_column css=\u00bb.vc_custom_1471248372959{padding-top: 0px !important;}\u00bb][vc_video link=\u00bbhttps:\/\/www.youtube.com\/watch?v=OgAdX6vcPJw\u00bb css=\u00bb.vc_custom_1585221819983{padding-top: 50px !important;}\u00bb][insight_title separator_enable=\u00bbyes\u00bb style=\u00bbcolor\u00bb title=\u00bb\u00bfCu\u00e1les son los beneficios de Magnall\u00ae Sleep?\u00bb css=\u00bb.vc_custom_1596639174462{margin-top: 70px !important;}\u00bb el_class=\u00bbbela-slova\u00bb][\/vc_column][\/vc_row][vc_row full_width=\u00bbstretch_row\u00bb css=\u00bb.vc_custom_1561555956052{margin-bottom: 0px !important;padding-bottom: 50px !important;background-color: #003399 !important;}\u00bb][vc_column width=\u00bb1\/3&#8243;][insight_icon_boxes icon_type=\u00bbcustom\u00bb element_tag=\u00bbh3&#8243; title=\u00bbMetabolismo:\u00bb custom_icon=\u00bb2287&#8243; el_class=\u00bbbela-slova\u00bb]El magnesio contribuye al equilibrio electrol\u00edtico y a la regulaci\u00f3n de la actividad hormonal. El complejo de vitamina B ayuda en el metabolismo de grasas, carbohidratos y prote\u00ednas.[\/insight_icon_boxes][insight_icon_boxes icon_type=\u00bbcustom\u00bb element_tag=\u00bbh3&#8243; title=\u00bbEnerg\u00eda:\u00bb custom_icon=\u00bb2260&#8243; el_class=\u00bbbela-slova\u00bb]El magnesio y el \u00e1cido f\u00f3lico contribuyen a la reducci\u00f3n de la fatiga y el agotamiento, y junto con el complejo de vitamina B, contribuyen a la creaci\u00f3n de energ\u00eda para el d\u00eda siguiente.[\/insight_icon_boxes][\/vc_column][vc_column width=\u00bb1\/3&#8243; css=\u00bb.vc_custom_1471248306585{padding-top: 25px !important;}\u00bb][vc_single_image image=\u00bb2258&#8243; img_size=\u00bbfull\u00bb alignment=\u00bbcenter\u00bb css=\u00bb.vc_custom_1561542131190{margin-top: 20px !important;}\u00bb][\/vc_column][vc_column width=\u00bb1\/3&#8243;][insight_icon_boxes style=\u00bbicon_on_right\u00bb icon_type=\u00bbcustom\u00bb element_tag=\u00bbh3&#8243; title=\u00bbM\u00fasculos:\u00bb custom_icon=\u00bb2264&#8243; el_class=\u00bbbela-slova\u00bb]El complejo de magnesio y vitamina B contribuye a la funci\u00f3n muscular normal, as\u00ed como a la relajaci\u00f3n muscular. Sin magnesio, nuestros m\u00fasculos estar\u00edan en un estado constante de contracci\u00f3n.[\/insight_icon_boxes][insight_icon_boxes style=\u00bbicon_on_right\u00bb icon_type=\u00bbcustom\u00bb element_tag=\u00bbh3&#8243; title=\u00bbSistema nervioso:\u00bb custom_icon=\u00bb2266&#8243; el_class=\u00bbbela-slova\u00bb]El complejo de magnesio y vitamina B contribuye a la funci\u00f3n normal del sistema nervioso. La melatonina puede contribuir al efecto neuroprotector de la privaci\u00f3n cr\u00f3nica del sue\u00f1o.[\/insight_icon_boxes][\/vc_column][vc_column css=\u00bb.vc_custom_1561108156756{margin-top: 0px !important;padding-top: 0px !important;}\u00bb][insight_icon_boxes style=\u00bbicon_on_top\u00bb icon_type=\u00bbcustom\u00bb element_tag=\u00bbh3&#8243; title=\u00bbCONTROL DEL SUE\u00d1O\u00bb css=\u00bb.vc_custom_1596639324540{margin-top: 0px !important;padding-top: 0px !important;}\u00bb el_class=\u00bbbela-slova\u00bb custom_icon=\u00bb2304&#8243;]La melatonina le permite quedarse dormido m\u00e1s r\u00e1pido y aliviar los s\u00edntomas del jet lag (desincronizaci\u00f3n circadiana del cuerpo humano, causado por volar en avi\u00f3n, a trav\u00e9s de varias zonas horarias, con mayor frecuencia despu\u00e9s de los vuelos intercontinentales).<br \/>\nLa melatonina y el magnesio tienen un efecto sobre el control de la termorregulaci\u00f3n de su cuerpo, lo cual es muy importante para regular el ritmo circadiano.[\/insight_icon_boxes][\/vc_column][\/vc_row][vc_row][vc_column][insight_title separator_enable=\u00bbyes\u00bb style=\u00bbcolor\u00bb color=\u00bb#073d98&#8243; title=\u00bbUso\u00bb css=\u00bb.vc_custom_1596639334219{margin-top: 75px !important;margin-bottom: 88px !important;}\u00bb el_class=\u00bbsleep-naslov\u00bb][\/vc_column][\/vc_row][vc_row][vc_column][vc_column_text]<\/p>\n<p style=\"text-align: center; font-size: 19px;\">\u2013 1 c\u00e1psula al d\u00eda, 2 horas antes de acostarse.<\/p>\n<p>[\/vc_column_text][\/vc_column][\/vc_row]<\/p>\n<\/section>","protected":false},"excerpt":{"rendered":"<p>[vc_row][vc_column][insight_about image=\u00bb2152&#8243; carousel_images=\u00bb3246,3248,3250,3252,3254&#8243; title=\u00bb\u00bfQu\u00e9 es Magnall\u00ae Sleep?\u00bb css=\u00bb.vc_custom_1596796625923{margin-bottom: 140px !important;}\u00bb]Magnall\u00ae Sleep es una formulaci\u00f3n \u00fanica de magnesio con melatonina, forma activa de \u00e1cido f\u00f3lico y vitaminas B6 y B12. Ayuda a que se eliminen los s\u00edntomas de insomnio y de trastornos de sue\u00f1o. Magnall\u00ae Sleep tiene un efecto beneficioso sobre el sue\u00f1o en personas estresadas,&#8230;<\/p>\n","protected":false},"author":8,"featured_media":0,"parent":0,"menu_order":0,"comment_status":"closed","ping_status":"closed","template":"","meta":{"footnotes":""},"class_list":["post-14004","page","type-page","status-publish","hentry"],"yoast_head":"<!-- This site is optimized with the Yoast SEO plugin v27.4 - https:\/\/yoast.com\/product\/yoast-seo-wordpress\/ -->\n<title>Magnall\u00ae Sleep - Magnall - VI\u0160E OD MAGNEZIJUMA<\/title>\n<meta name=\"robots\" content=\"index, follow, max-snippet:-1, max-image-preview:large, max-video-preview:-1\" \/>\n<link rel=\"canonical\" href=\"https:\/\/magnall.com\/es\/magnall-sleep\/\" \/>\n<meta property=\"og:locale\" content=\"es_ES\" \/>\n<meta property=\"og:type\" content=\"article\" \/>\n<meta property=\"og:title\" content=\"Magnall\u00ae Sleep - Magnall - VI\u0160E OD MAGNEZIJUMA\" \/>\n<meta property=\"og:description\" content=\"[vc_row][vc_column][insight_about image=\u00bb2152&#8243; carousel_images=\u00bb3246,3248,3250,3252,3254&#8243; title=\u00bb\u00bfQu\u00e9 es Magnall\u00ae Sleep?\u00bb css=\u00bb.vc_custom_1596796625923{margin-bottom: 140px !important;}\u00bb]Magnall\u00ae Sleep es una formulaci\u00f3n \u00fanica de magnesio con melatonina, forma activa de \u00e1cido f\u00f3lico y vitaminas B6 y B12. Ayuda a que se eliminen los s\u00edntomas de insomnio y de trastornos de sue\u00f1o. Magnall\u00ae Sleep tiene un efecto beneficioso sobre el sue\u00f1o en personas estresadas,...\" \/>\n<meta property=\"og:url\" content=\"https:\/\/magnall.com\/es\/magnall-sleep\/\" \/>\n<meta property=\"og:site_name\" content=\"Magnall - VI\u0160E OD MAGNEZIJUMA\" \/>\n<meta property=\"article:modified_time\" content=\"2020-08-07T10:37:08+00:00\" \/>\n<meta name=\"twitter:card\" content=\"summary_large_image\" \/>\n<meta name=\"twitter:label1\" content=\"Tiempo de lectura\" \/>\n\t<meta name=\"twitter:data1\" content=\"4 minutos\" \/>\n<script type=\"application\/ld+json\" class=\"yoast-schema-graph\">{\"@context\":\"https:\\\/\\\/schema.org\",\"@graph\":[{\"@type\":\"WebPage\",\"@id\":\"https:\\\/\\\/magnall.com\\\/es\\\/magnall-sleep\\\/\",\"url\":\"https:\\\/\\\/magnall.com\\\/es\\\/magnall-sleep\\\/\",\"name\":\"Magnall\u00ae Sleep - Magnall - VI\u0160E OD MAGNEZIJUMA\",\"isPartOf\":{\"@id\":\"https:\\\/\\\/magnall.com\\\/#website\"},\"datePublished\":\"2020-08-05T14:56:55+00:00\",\"dateModified\":\"2020-08-07T10:37:08+00:00\",\"breadcrumb\":{\"@id\":\"https:\\\/\\\/magnall.com\\\/es\\\/magnall-sleep\\\/#breadcrumb\"},\"inLanguage\":\"es\",\"potentialAction\":[{\"@type\":\"ReadAction\",\"target\":[\"https:\\\/\\\/magnall.com\\\/es\\\/magnall-sleep\\\/\"]}]},{\"@type\":\"BreadcrumbList\",\"@id\":\"https:\\\/\\\/magnall.com\\\/es\\\/magnall-sleep\\\/#breadcrumb\",\"itemListElement\":[{\"@type\":\"ListItem\",\"position\":1,\"name\":\"\u041f\u043e\u0447\u0435\u0442\u043d\u0430\",\"item\":\"https:\\\/\\\/magnall.com\\\/es\\\/\"},{\"@type\":\"ListItem\",\"position\":2,\"name\":\"Magnall\u00ae Sleep\"}]},{\"@type\":\"WebSite\",\"@id\":\"https:\\\/\\\/magnall.com\\\/#website\",\"url\":\"https:\\\/\\\/magnall.com\\\/\",\"name\":\"Magnall - VI\u0160E OD MAGNEZIJUMA\",\"description\":\"\",\"potentialAction\":[{\"@type\":\"SearchAction\",\"target\":{\"@type\":\"EntryPoint\",\"urlTemplate\":\"https:\\\/\\\/magnall.com\\\/?s={search_term_string}\"},\"query-input\":{\"@type\":\"PropertyValueSpecification\",\"valueRequired\":true,\"valueName\":\"search_term_string\"}}],\"inLanguage\":\"es\"}]}<\/script>\n<!-- \/ Yoast SEO plugin. -->","yoast_head_json":{"title":"Magnall\u00ae Sleep - Magnall - VI\u0160E OD MAGNEZIJUMA","robots":{"index":"index","follow":"follow","max-snippet":"max-snippet:-1","max-image-preview":"max-image-preview:large","max-video-preview":"max-video-preview:-1"},"canonical":"https:\/\/magnall.com\/es\/magnall-sleep\/","og_locale":"es_ES","og_type":"article","og_title":"Magnall\u00ae Sleep - Magnall - VI\u0160E OD MAGNEZIJUMA","og_description":"[vc_row][vc_column][insight_about image=\u00bb2152&#8243; carousel_images=\u00bb3246,3248,3250,3252,3254&#8243; title=\u00bb\u00bfQu\u00e9 es Magnall\u00ae Sleep?\u00bb css=\u00bb.vc_custom_1596796625923{margin-bottom: 140px !important;}\u00bb]Magnall\u00ae Sleep es una formulaci\u00f3n \u00fanica de magnesio con melatonina, forma activa de \u00e1cido f\u00f3lico y vitaminas B6 y B12. Ayuda a que se eliminen los s\u00edntomas de insomnio y de trastornos de sue\u00f1o. Magnall\u00ae Sleep tiene un efecto beneficioso sobre el sue\u00f1o en personas estresadas,...","og_url":"https:\/\/magnall.com\/es\/magnall-sleep\/","og_site_name":"Magnall - VI\u0160E OD MAGNEZIJUMA","article_modified_time":"2020-08-07T10:37:08+00:00","twitter_card":"summary_large_image","twitter_misc":{"Tiempo de lectura":"4 minutos"},"schema":{"@context":"https:\/\/schema.org","@graph":[{"@type":"WebPage","@id":"https:\/\/magnall.com\/es\/magnall-sleep\/","url":"https:\/\/magnall.com\/es\/magnall-sleep\/","name":"Magnall\u00ae Sleep - Magnall - VI\u0160E OD MAGNEZIJUMA","isPartOf":{"@id":"https:\/\/magnall.com\/#website"},"datePublished":"2020-08-05T14:56:55+00:00","dateModified":"2020-08-07T10:37:08+00:00","breadcrumb":{"@id":"https:\/\/magnall.com\/es\/magnall-sleep\/#breadcrumb"},"inLanguage":"es","potentialAction":[{"@type":"ReadAction","target":["https:\/\/magnall.com\/es\/magnall-sleep\/"]}]},{"@type":"BreadcrumbList","@id":"https:\/\/magnall.com\/es\/magnall-sleep\/#breadcrumb","itemListElement":[{"@type":"ListItem","position":1,"name":"\u041f\u043e\u0447\u0435\u0442\u043d\u0430","item":"https:\/\/magnall.com\/es\/"},{"@type":"ListItem","position":2,"name":"Magnall\u00ae Sleep"}]},{"@type":"WebSite","@id":"https:\/\/magnall.com\/#website","url":"https:\/\/magnall.com\/","name":"Magnall - VI\u0160E OD MAGNEZIJUMA","description":"","potentialAction":[{"@type":"SearchAction","target":{"@type":"EntryPoint","urlTemplate":"https:\/\/magnall.com\/?s={search_term_string}"},"query-input":{"@type":"PropertyValueSpecification","valueRequired":true,"valueName":"search_term_string"}}],"inLanguage":"es"}]}},"jetpack_sharing_enabled":true,"_links":{"self":[{"href":"https:\/\/magnall.com\/es\/wp-json\/wp\/v2\/pages\/14004","targetHints":{"allow":["GET"]}}],"collection":[{"href":"https:\/\/magnall.com\/es\/wp-json\/wp\/v2\/pages"}],"about":[{"href":"https:\/\/magnall.com\/es\/wp-json\/wp\/v2\/types\/page"}],"author":[{"embeddable":true,"href":"https:\/\/magnall.com\/es\/wp-json\/wp\/v2\/users\/8"}],"replies":[{"embeddable":true,"href":"https:\/\/magnall.com\/es\/wp-json\/wp\/v2\/comments?post=14004"}],"version-history":[{"count":5,"href":"https:\/\/magnall.com\/es\/wp-json\/wp\/v2\/pages\/14004\/revisions"}],"predecessor-version":[{"id":14080,"href":"https:\/\/magnall.com\/es\/wp-json\/wp\/v2\/pages\/14004\/revisions\/14080"}],"wp:attachment":[{"href":"https:\/\/magnall.com\/es\/wp-json\/wp\/v2\/media?parent=14004"}],"curies":[{"name":"wp","href":"https:\/\/api.w.org\/{rel}","templated":true}]}}