{"id":14035,"date":"2020-08-06T13:59:29","date_gmt":"2020-08-06T13:59:29","guid":{"rendered":"https:\/\/magnall.com\/?page_id=14035"},"modified":"2020-08-06T13:59:29","modified_gmt":"2020-08-06T13:59:29","slug":"magnall-cardio","status":"publish","type":"page","link":"https:\/\/magnall.com\/es\/magnall-cardio\/","title":{"rendered":"Magnall\u00ae Cardio"},"content":{"rendered":"<section class=\"wpb-content-wrapper\"><p>[vc_row][vc_column][insight_about image=\u00bb2159&#8243; carousel_images=\u00bb3224,3226,3228,3230,3232&#8243; title=\u00bb\u00bfQU\u00c9 ES Magnall\u00ae Cardio?\u00bb css=\u00bb.vc_custom_1596722167934{margin-bottom: 140px !important;}\u00bb]Magnall<sup>\u00ae<\/sup> es una formulaci\u00f3n de magnesio, vitamina B6 y vitamina K2, que ayuda al coraz\u00f3n y a los vasos sangu\u00edneos en el desempe\u00f1o de las funciones fisiol\u00f3gicas.<\/p>\n<p>Los ingredientes de Magnall<sup>\u00ae<\/sup> Cardio contribuyen al mantenimiento de la circulaci\u00f3n sangu\u00ednea normal y, por lo tanto, contribuyen al mantenimiento de la presi\u00f3n sangu\u00ednea normal. Ttambi\u00e9n afectan el equilibrio electrol\u00edtico, lo que contribuye a\u00fan m\u00e1s a la circulaci\u00f3n sangu\u00ednea normal.<\/p>\n<p>Debido a su composici\u00f3n \u00fanica, Magnall<sup>\u00ae<\/sup> Cardio tambi\u00e9n afecta los vasos sangu\u00edneos al aumentar la elasticidad de los vasos sangu\u00edneos y ayudar a reducir el riesgo de ataque card\u00edaco y accidente cerebrovascular.<\/p>\n<p>Se recomienda para personas con problemas cardiovasculares, diabetes tipo 2, as\u00ed como para atletas y personas bajo un gran esfuerzo f\u00edsico, as\u00ed como para todas las personas que se preocupan por la salud de su coraz\u00f3n y vasos sangu\u00edneos.<\/p>\n<p>La presentaci\u00f3n de <strong>Magnall<sup>\u00ae<\/sup> Cardio<\/strong> es en forma de c\u00e1psulas de origen vegetal y no contienen gluten. El paquete contiene 30 c\u00e1psulas.[\/insight_about][\/vc_column][\/vc_row][vc_row][vc_column width=\u00bb1\/2&#8243; css=\u00bb.vc_custom_1561983318536{margin-top: -280px !important;}\u00bb offset=\u00bbvc_hidden-md vc_hidden-sm vc_hidden-xs\u00bb][vc_raw_html]JTNDYSUyMGhyZWYlM0QlMjIlMkZwb3J1Y2l2YW5qZSUyRm1hZ25hbGwtY2FyZGlvJTJGJTIyJTNFJTNDYnV0dG9uJTIwaWQlM0QlMjJkdWdtZS1ib2phMyUyMiUyMGNsYXNzJTNEJTIyYnRuMiUyMGJ0bi1zcXVhcmUlMjBidG4tbCUyMGR1Z21lZSUyMiUzRU9yZGVuZSUzQyUyRmJ1dHRvbiUzRSUzQyUyRmElM0U=[\/vc_raw_html][\/vc_column][vc_column width=\u00bb1\/2&#8243;][\/vc_column][\/vc_row][vc_row][vc_column css=\u00bb.vc_custom_1561977165493{margin-top: -60px !important;}\u00bb offset=\u00bbvc_hidden-lg\u00bb][vc_raw_html]JTNDYSUyMGhyZWYlM0QlMjIlMkZwb3J1Y2l2YW5qZSUyRm1hZ25hbGwtY2FyZGlvJTJGJTIyJTNFJTNDYnV0dG9uJTIwaWQlM0QlMjJkdWdtZS1ib2phMyUyMiUyMGNsYXNzJTNEJTIyYnRuMiUyMGJ0bi1zcXVhcmUlMjBidG4tbCUyMGR1Z21lZSUyMiUzRU9yZGVuZSUzQyUyRmJ1dHRvbiUzRSUzQyUyRmElM0U=[\/vc_raw_html][\/vc_column][\/vc_row][vc_row full_width=\u00bbstretch_row\u00bb css=\u00bb.vc_custom_1561557086620{background-color: #cc0033 !important;}\u00bb][vc_column css=\u00bb.vc_custom_1471248372959{padding-top: 0px !important;}\u00bb][insight_title separator_enable=\u00bbyes\u00bb style=\u00bbcolor\u00bb title=\u00bb\u00bfCu\u00e1les son los beneficios de Magnall\u00ae Cardio?\u00bb css=\u00bb.vc_custom_1596722204910{margin-top: 100px !important;}\u00bb el_class=\u00bbbela-slova\u00bb][\/vc_column][\/vc_row][vc_row full_width=\u00bbstretch_row\u00bb css=\u00bb.vc_custom_1561557068402{margin-bottom: 0px !important;padding-bottom: 50px !important;background-color: #cc0033 !important;}\u00bb][vc_column width=\u00bb1\/3&#8243;][insight_icon_boxes icon_type=\u00bbcustom\u00bb element_tag=\u00bbh3&#8243; title=\u00bbSistema nervioso:\u00bb el_class=\u00bbbela-slova\u00bb custom_icon=\u00bb2352&#8243;]El complejo de magnesio y vitamina B contribuye a la funci\u00f3n normal del sistema nervioso. El magnesio afecta a la serotonina, un importante neurotransmisor y hormona del placer, que desempe\u00f1a un papel en la relajaci\u00f3n del sistema nervioso y en la mejora del estado de \u00e1nimo.[\/insight_icon_boxes][insight_icon_boxes icon_type=\u00bbcustom\u00bb element_tag=\u00bbh3&#8243; title=\u00bbControl del estr\u00e9s\u00bb el_class=\u00bbbela-slova\u00bb custom_icon=\u00bb2348&#8243;]El magnesio contribuye a la regulaci\u00f3n y el control de las hormonas del estr\u00e9s[\/insight_icon_boxes][\/vc_column][vc_column width=\u00bb1\/3&#8243; css=\u00bb.vc_custom_1471248306585{padding-top: 25px !important;}\u00bb][vc_single_image image=\u00bb2344&#8243; img_size=\u00bbfull\u00bb alignment=\u00bbcenter\u00bb][\/vc_column][vc_column width=\u00bb1\/3&#8243;][insight_icon_boxes style=\u00bbicon_on_right\u00bb icon_type=\u00bbcustom\u00bb element_tag=\u00bbh3&#8243; title=\u00bbEnerg\u00eda:\u00bb el_class=\u00bbbela-slova\u00bb custom_icon=\u00bb2346&#8243;]El magnesio contribuye a la reducci\u00f3n de la fatiga y el agotamiento, y junto con el complejo de vitamina B en altas dosis, contribuye a la creaci\u00f3n de energ\u00eda.[\/insight_icon_boxes][insight_icon_boxes style=\u00bbicon_on_right\u00bb icon_type=\u00bbcustom\u00bb element_tag=\u00bbh3&#8243; title=\u00bbM\u00fasculos:\u00bb el_class=\u00bbbela-slova\u00bb custom_icon=\u00bb2350&#8243;]El complejo de magnesio y vitamina B contribuye a la funci\u00f3n muscular normal, as\u00ed como a la relajaci\u00f3n muscular.[\/insight_icon_boxes][\/vc_column][\/vc_row][vc_row][vc_column][insight_title separator_enable=\u00bbyes\u00bb style=\u00bbcolor\u00bb color=\u00bb#d32a3f\u00bb title=\u00bbUso\u00bb css=\u00bb.vc_custom_1596722337749{margin-top: 75px !important;margin-bottom: 88px !important;}\u00bb el_class=\u00bbcardio-naslov\u00bb][\/vc_column][\/vc_row][vc_row][vc_column][vc_column_text]<\/p>\n<p style=\"text-align: center; font-size: 19px;\">1 c\u00e1psula al d\u00eda.<\/p>\n<p>[\/vc_column_text][\/vc_column][\/vc_row]<\/p>\n<\/section>","protected":false},"excerpt":{"rendered":"<p>[vc_row][vc_column][insight_about image=\u00bb2159&#8243; carousel_images=\u00bb3224,3226,3228,3230,3232&#8243; title=\u00bb\u00bfQU\u00c9 ES Magnall\u00ae Cardio?\u00bb css=\u00bb.vc_custom_1596722167934{margin-bottom: 140px !important;}\u00bb]Magnall\u00ae es una formulaci\u00f3n de magnesio, vitamina B6 y vitamina K2, que ayuda al coraz\u00f3n y a los vasos sangu\u00edneos en el desempe\u00f1o de las funciones fisiol\u00f3gicas. Los ingredientes de Magnall\u00ae Cardio contribuyen al mantenimiento de la circulaci\u00f3n sangu\u00ednea normal y, por lo tanto, contribuyen al&#8230;<\/p>\n","protected":false},"author":8,"featured_media":0,"parent":0,"menu_order":0,"comment_status":"closed","ping_status":"closed","template":"","meta":{"footnotes":""},"class_list":["post-14035","page","type-page","status-publish","hentry"],"yoast_head":"<!-- This site is optimized with the Yoast SEO plugin v27.4 - https:\/\/yoast.com\/product\/yoast-seo-wordpress\/ -->\n<title>Magnall\u00ae Cardio - Magnall - VI\u0160E OD MAGNEZIJUMA<\/title>\n<meta name=\"robots\" content=\"index, follow, max-snippet:-1, max-image-preview:large, max-video-preview:-1\" \/>\n<link rel=\"canonical\" href=\"https:\/\/magnall.com\/es\/magnall-cardio\/\" \/>\n<meta property=\"og:locale\" content=\"es_ES\" \/>\n<meta property=\"og:type\" content=\"article\" \/>\n<meta property=\"og:title\" content=\"Magnall\u00ae Cardio - Magnall - VI\u0160E OD MAGNEZIJUMA\" \/>\n<meta property=\"og:description\" content=\"[vc_row][vc_column][insight_about image=\u00bb2159&#8243; carousel_images=\u00bb3224,3226,3228,3230,3232&#8243; title=\u00bb\u00bfQU\u00c9 ES Magnall\u00ae Cardio?\u00bb css=\u00bb.vc_custom_1596722167934{margin-bottom: 140px !important;}\u00bb]Magnall\u00ae es una formulaci\u00f3n de magnesio, vitamina B6 y vitamina K2, que ayuda al coraz\u00f3n y a los vasos sangu\u00edneos en el desempe\u00f1o de las funciones fisiol\u00f3gicas. Los ingredientes de Magnall\u00ae Cardio contribuyen al mantenimiento de la circulaci\u00f3n sangu\u00ednea normal y, por lo tanto, contribuyen al...\" \/>\n<meta property=\"og:url\" content=\"https:\/\/magnall.com\/es\/magnall-cardio\/\" \/>\n<meta property=\"og:site_name\" content=\"Magnall - VI\u0160E OD MAGNEZIJUMA\" \/>\n<meta name=\"twitter:card\" content=\"summary_large_image\" \/>\n<meta name=\"twitter:label1\" content=\"Tiempo de lectura\" \/>\n\t<meta name=\"twitter:data1\" content=\"3 minutos\" \/>\n<script type=\"application\/ld+json\" class=\"yoast-schema-graph\">{\"@context\":\"https:\\\/\\\/schema.org\",\"@graph\":[{\"@type\":\"WebPage\",\"@id\":\"https:\\\/\\\/magnall.com\\\/es\\\/magnall-cardio\\\/\",\"url\":\"https:\\\/\\\/magnall.com\\\/es\\\/magnall-cardio\\\/\",\"name\":\"Magnall\u00ae Cardio - Magnall - VI\u0160E OD MAGNEZIJUMA\",\"isPartOf\":{\"@id\":\"https:\\\/\\\/magnall.com\\\/#website\"},\"datePublished\":\"2020-08-06T13:59:29+00:00\",\"breadcrumb\":{\"@id\":\"https:\\\/\\\/magnall.com\\\/es\\\/magnall-cardio\\\/#breadcrumb\"},\"inLanguage\":\"es\",\"potentialAction\":[{\"@type\":\"ReadAction\",\"target\":[\"https:\\\/\\\/magnall.com\\\/es\\\/magnall-cardio\\\/\"]}]},{\"@type\":\"BreadcrumbList\",\"@id\":\"https:\\\/\\\/magnall.com\\\/es\\\/magnall-cardio\\\/#breadcrumb\",\"itemListElement\":[{\"@type\":\"ListItem\",\"position\":1,\"name\":\"\u041f\u043e\u0447\u0435\u0442\u043d\u0430\",\"item\":\"https:\\\/\\\/magnall.com\\\/es\\\/\"},{\"@type\":\"ListItem\",\"position\":2,\"name\":\"Magnall\u00ae Cardio\"}]},{\"@type\":\"WebSite\",\"@id\":\"https:\\\/\\\/magnall.com\\\/#website\",\"url\":\"https:\\\/\\\/magnall.com\\\/\",\"name\":\"Magnall - VI\u0160E OD MAGNEZIJUMA\",\"description\":\"\",\"potentialAction\":[{\"@type\":\"SearchAction\",\"target\":{\"@type\":\"EntryPoint\",\"urlTemplate\":\"https:\\\/\\\/magnall.com\\\/?s={search_term_string}\"},\"query-input\":{\"@type\":\"PropertyValueSpecification\",\"valueRequired\":true,\"valueName\":\"search_term_string\"}}],\"inLanguage\":\"es\"}]}<\/script>\n<!-- \/ Yoast SEO plugin. -->","yoast_head_json":{"title":"Magnall\u00ae Cardio - Magnall - VI\u0160E OD MAGNEZIJUMA","robots":{"index":"index","follow":"follow","max-snippet":"max-snippet:-1","max-image-preview":"max-image-preview:large","max-video-preview":"max-video-preview:-1"},"canonical":"https:\/\/magnall.com\/es\/magnall-cardio\/","og_locale":"es_ES","og_type":"article","og_title":"Magnall\u00ae Cardio - Magnall - VI\u0160E OD MAGNEZIJUMA","og_description":"[vc_row][vc_column][insight_about image=\u00bb2159&#8243; carousel_images=\u00bb3224,3226,3228,3230,3232&#8243; title=\u00bb\u00bfQU\u00c9 ES Magnall\u00ae Cardio?\u00bb css=\u00bb.vc_custom_1596722167934{margin-bottom: 140px !important;}\u00bb]Magnall\u00ae es una formulaci\u00f3n de magnesio, vitamina B6 y vitamina K2, que ayuda al coraz\u00f3n y a los vasos sangu\u00edneos en el desempe\u00f1o de las funciones fisiol\u00f3gicas. Los ingredientes de Magnall\u00ae Cardio contribuyen al mantenimiento de la circulaci\u00f3n sangu\u00ednea normal y, por lo tanto, contribuyen al...","og_url":"https:\/\/magnall.com\/es\/magnall-cardio\/","og_site_name":"Magnall - VI\u0160E OD MAGNEZIJUMA","twitter_card":"summary_large_image","twitter_misc":{"Tiempo de lectura":"3 minutos"},"schema":{"@context":"https:\/\/schema.org","@graph":[{"@type":"WebPage","@id":"https:\/\/magnall.com\/es\/magnall-cardio\/","url":"https:\/\/magnall.com\/es\/magnall-cardio\/","name":"Magnall\u00ae Cardio - Magnall - VI\u0160E OD MAGNEZIJUMA","isPartOf":{"@id":"https:\/\/magnall.com\/#website"},"datePublished":"2020-08-06T13:59:29+00:00","breadcrumb":{"@id":"https:\/\/magnall.com\/es\/magnall-cardio\/#breadcrumb"},"inLanguage":"es","potentialAction":[{"@type":"ReadAction","target":["https:\/\/magnall.com\/es\/magnall-cardio\/"]}]},{"@type":"BreadcrumbList","@id":"https:\/\/magnall.com\/es\/magnall-cardio\/#breadcrumb","itemListElement":[{"@type":"ListItem","position":1,"name":"\u041f\u043e\u0447\u0435\u0442\u043d\u0430","item":"https:\/\/magnall.com\/es\/"},{"@type":"ListItem","position":2,"name":"Magnall\u00ae Cardio"}]},{"@type":"WebSite","@id":"https:\/\/magnall.com\/#website","url":"https:\/\/magnall.com\/","name":"Magnall - VI\u0160E OD MAGNEZIJUMA","description":"","potentialAction":[{"@type":"SearchAction","target":{"@type":"EntryPoint","urlTemplate":"https:\/\/magnall.com\/?s={search_term_string}"},"query-input":{"@type":"PropertyValueSpecification","valueRequired":true,"valueName":"search_term_string"}}],"inLanguage":"es"}]}},"jetpack_sharing_enabled":true,"_links":{"self":[{"href":"https:\/\/magnall.com\/es\/wp-json\/wp\/v2\/pages\/14035","targetHints":{"allow":["GET"]}}],"collection":[{"href":"https:\/\/magnall.com\/es\/wp-json\/wp\/v2\/pages"}],"about":[{"href":"https:\/\/magnall.com\/es\/wp-json\/wp\/v2\/types\/page"}],"author":[{"embeddable":true,"href":"https:\/\/magnall.com\/es\/wp-json\/wp\/v2\/users\/8"}],"replies":[{"embeddable":true,"href":"https:\/\/magnall.com\/es\/wp-json\/wp\/v2\/comments?post=14035"}],"version-history":[{"count":2,"href":"https:\/\/magnall.com\/es\/wp-json\/wp\/v2\/pages\/14035\/revisions"}],"predecessor-version":[{"id":14037,"href":"https:\/\/magnall.com\/es\/wp-json\/wp\/v2\/pages\/14035\/revisions\/14037"}],"wp:attachment":[{"href":"https:\/\/magnall.com\/es\/wp-json\/wp\/v2\/media?parent=14035"}],"curies":[{"name":"wp","href":"https:\/\/api.w.org\/{rel}","templated":true}]}}