{"id":14038,"date":"2020-08-06T14:33:38","date_gmt":"2020-08-06T14:33:38","guid":{"rendered":"https:\/\/magnall.com\/?page_id=14038"},"modified":"2020-08-06T14:38:31","modified_gmt":"2020-08-06T14:38:31","slug":"magnall-immuno","status":"publish","type":"page","link":"https:\/\/magnall.com\/es\/magnall-immuno\/","title":{"rendered":"Magnall\u00ae Immuno"},"content":{"rendered":"<section class=\"wpb-content-wrapper\"><p>[vc_row][vc_column][insight_about image=\u00bb2151&#8243; carousel_images=\u00bb3235,3237,3239,3241,3243&#8243; title=\u00bb\u00bfQU\u00c9 ES Magnall\u00ae Immuno?\u00bb css=\u00bb.vc_custom_1596723069832{margin-bottom: 140px !important;}\u00bb]Magnall<sup>\u00ae<\/sup> Immuno como una formulaci\u00f3n de magnesio y zinc, ayuda al cuerpo a mantener la funci\u00f3n normal del sistema inmunol\u00f3gico, a mantener una funci\u00f3n muscular saludable, durante la recuperaci\u00f3n de una enfermedad, durante la actividad f\u00edsica intensa, permite la producci\u00f3n de energ\u00eda para garantizar que el cuerpo funcione normalmente.<\/p>\n<p>El zinc se usa en la prevenci\u00f3n de resfriados y gripe o en infecciones cr\u00f3nicas, ya que estimula el sistema inmunol\u00f3gico.<\/p>\n<p>Se recomienda para personas que tienen entrenamiento intensivo, que realizan trabajo f\u00edsico duro, durante la enfermedad, especialmente en pacientes cr\u00f3nicos. Es necesario para la salud reproductiva de los hombres, para la s\u00edntesis de la hormona testosterona, as\u00ed como para la salud reproductiva de las mujeres y el per\u00edodo menop\u00e1usico.<\/p>\n<p>La presentaci\u00f3n de <strong>Magnall<sup>\u00ae<\/sup> Immuno<\/strong> es en forma de c\u00e1psulas de origen vegetal y no contienen gluten. El paquete contiene 30 c\u00e1psulas.<br \/>\n[\/insight_about][\/vc_column][\/vc_row][vc_row][vc_column width=\u00bb1\/2&#8243; css=\u00bb.vc_custom_1561973050128{margin-top: -250px !important;}\u00bb offset=\u00bbvc_hidden-md vc_hidden-sm vc_hidden-xs\u00bb][vc_raw_html]JTNDYSUyMGhyZWYlM0QlMjIlMkZwb3J1Y2l2YW5qZSUyRm1hZ25hbGwtaW1tdW5vJTJGJTIyJTNFJTNDYnV0dG9uJTIwaWQlM0QlMjJkdWdtZS1ib2phNCUyMiUyMGNsYXNzJTNEJTIyYnRuMiUyMGJ0bi1zcXVhcmUlMjBidG4tbCUyMGR1Z21lZSUyMiUzRU9yZGVuZSUzQyUyRmJ1dHRvbiUzRSUzQyUyRmElM0U=[\/vc_raw_html][\/vc_column][vc_column width=\u00bb1\/2&#8243;][\/vc_column][\/vc_row][vc_row][vc_column css=\u00bb.vc_custom_1561977194660{margin-top: -60px !important;}\u00bb offset=\u00bbvc_hidden-lg\u00bb][vc_raw_html]JTNDYSUyMGhyZWYlM0QlMjIlMkZwb3J1Y2l2YW5qZSUyRm1hZ25hbGwtaW1tdW5vJTJGJTIyJTNFJTNDYnV0dG9uJTIwaWQlM0QlMjJkdWdtZS1ib2phNCUyMiUyMGNsYXNzJTNEJTIyYnRuMiUyMGJ0bi1zcXVhcmUlMjBidG4tbCUyMGR1Z21lZSUyMiUzRU9yZGVuZSUzQyUyRmJ1dHRvbiUzRSUzQyUyRmElM0U=[\/vc_raw_html][\/vc_column][\/vc_row][vc_row full_width=\u00bbstretch_row\u00bb css=\u00bb.vc_custom_1561543773791{background-color: #f99d0c !important;}\u00bb][vc_column css=\u00bb.vc_custom_1471248372959{padding-top: 0px !important;}\u00bb][vc_video link=\u00bbhttps:\/\/www.youtube.com\/watch?v=XOJ68fDKEpA\u00bb css=\u00bb.vc_custom_1585221720138{padding-top: 50px !important;}\u00bb][insight_title separator_enable=\u00bbyes\u00bb style=\u00bbcolor\u00bb title=\u00bb\u00bfCu\u00e1les son los beneficios de Magnall\u00ae Immuno?\u00bb css=\u00bb.vc_custom_1596724491837{margin-top: 70px !important;}\u00bb el_class=\u00bbbela-slova\u00bb][\/vc_column][\/vc_row][vc_row full_width=\u00bbstretch_row\u00bb css=\u00bb.vc_custom_1561543765479{margin-bottom: 0px !important;padding-bottom: 50px !important;background-color: #f99d0c !important;}\u00bb][vc_column width=\u00bb1\/2&#8243;][insight_icon_boxes icon_type=\u00bbcustom\u00bb element_tag=\u00bbh3&#8243; title=\u00bbInmunidad:\u00bb el_class=\u00bbbela-slova\u00bb custom_icon=\u00bb2359&#8243;]El zinc, que se conoce como antioxidante, contribuye a la funci\u00f3n normal del sistema inmunol\u00f3gico.[\/insight_icon_boxes][insight_icon_boxes icon_type=\u00bbcustom\u00bb element_tag=\u00bbh3&#8243; title=\u00bbEnerg\u00eda:\u00bb el_class=\u00bbbela-slova\u00bb custom_icon=\u00bb2357&#8243;]El magnesio ayuda a reducir la fatiga y el agotamiento.[\/insight_icon_boxes][insight_icon_boxes icon_type=\u00bbcustom\u00bb element_tag=\u00bbh3&#8243; title=\u00bbM\u00fasculos:\u00bb el_class=\u00bbbela-slova\u00bb custom_icon=\u00bb2361&#8243;]El magnesio contribuye a la funci\u00f3n muscular normal, as\u00ed como a la relajaci\u00f3n muscular.[\/insight_icon_boxes][\/vc_column][vc_column width=\u00bb1\/2&#8243; css=\u00bb.vc_custom_1471248306585{padding-top: 25px !important;}\u00bb][vc_single_image image=\u00bb2355&#8243; img_size=\u00bbfull\u00bb alignment=\u00bbcenter\u00bb css=\u00bb.vc_custom_1561546846508{margin-top: -40px !important;}\u00bb][\/vc_column][\/vc_row][vc_row][vc_column][insight_title separator_enable=\u00bbyes\u00bb style=\u00bbcolor\u00bb color=\u00bb#f99d0c\u00bb title=\u00bbUso\u00bb css=\u00bb.vc_custom_1596724683127{margin-top: 75px !important;margin-bottom: 88px !important;}\u00bb el_class=\u00bbimmuno-naslov\u00bb][\/vc_column][\/vc_row][vc_row][vc_column][vc_column_text]<\/p>\n<p style=\"text-align: center; font-size: 19px;\">1 c\u00e1psula al d\u00eda.<\/p>\n<p>[\/vc_column_text][\/vc_column][\/vc_row]<\/p>\n<\/section>","protected":false},"excerpt":{"rendered":"<p>[vc_row][vc_column][insight_about image=\u00bb2151&#8243; carousel_images=\u00bb3235,3237,3239,3241,3243&#8243; title=\u00bb\u00bfQU\u00c9 ES Magnall\u00ae Immuno?\u00bb css=\u00bb.vc_custom_1596723069832{margin-bottom: 140px !important;}\u00bb]Magnall\u00ae Immuno como una formulaci\u00f3n de magnesio y zinc, ayuda al cuerpo a mantener la funci\u00f3n normal del sistema inmunol\u00f3gico, a mantener una funci\u00f3n muscular saludable, durante la recuperaci\u00f3n de una enfermedad, durante la actividad f\u00edsica intensa, permite la producci\u00f3n de energ\u00eda para garantizar que el&#8230;<\/p>\n","protected":false},"author":8,"featured_media":0,"parent":0,"menu_order":0,"comment_status":"closed","ping_status":"closed","template":"","meta":{"footnotes":""},"class_list":["post-14038","page","type-page","status-publish","hentry"],"yoast_head":"<!-- This site is optimized with the Yoast SEO plugin v27.4 - https:\/\/yoast.com\/product\/yoast-seo-wordpress\/ -->\n<title>Magnall\u00ae Immuno - Magnall - VI\u0160E OD MAGNEZIJUMA<\/title>\n<meta name=\"robots\" content=\"index, follow, max-snippet:-1, max-image-preview:large, max-video-preview:-1\" \/>\n<link rel=\"canonical\" href=\"https:\/\/magnall.com\/es\/magnall-immuno\/\" \/>\n<meta property=\"og:locale\" content=\"es_ES\" \/>\n<meta property=\"og:type\" content=\"article\" \/>\n<meta property=\"og:title\" content=\"Magnall\u00ae Immuno - Magnall - VI\u0160E OD MAGNEZIJUMA\" \/>\n<meta property=\"og:description\" content=\"[vc_row][vc_column][insight_about image=\u00bb2151&#8243; carousel_images=\u00bb3235,3237,3239,3241,3243&#8243; title=\u00bb\u00bfQU\u00c9 ES Magnall\u00ae Immuno?\u00bb css=\u00bb.vc_custom_1596723069832{margin-bottom: 140px !important;}\u00bb]Magnall\u00ae Immuno como una formulaci\u00f3n de magnesio y zinc, ayuda al cuerpo a mantener la funci\u00f3n normal del sistema inmunol\u00f3gico, a mantener una funci\u00f3n muscular saludable, durante la recuperaci\u00f3n de una enfermedad, durante la actividad f\u00edsica intensa, permite la producci\u00f3n de energ\u00eda para garantizar que el...\" \/>\n<meta property=\"og:url\" content=\"https:\/\/magnall.com\/es\/magnall-immuno\/\" \/>\n<meta property=\"og:site_name\" content=\"Magnall - VI\u0160E OD MAGNEZIJUMA\" \/>\n<meta property=\"article:modified_time\" content=\"2020-08-06T14:38:31+00:00\" \/>\n<meta name=\"twitter:card\" content=\"summary_large_image\" \/>\n<meta name=\"twitter:label1\" content=\"Tiempo de lectura\" \/>\n\t<meta name=\"twitter:data1\" content=\"3 minutos\" \/>\n<script type=\"application\/ld+json\" class=\"yoast-schema-graph\">{\"@context\":\"https:\\\/\\\/schema.org\",\"@graph\":[{\"@type\":\"WebPage\",\"@id\":\"https:\\\/\\\/magnall.com\\\/es\\\/magnall-immuno\\\/\",\"url\":\"https:\\\/\\\/magnall.com\\\/es\\\/magnall-immuno\\\/\",\"name\":\"Magnall\u00ae Immuno - Magnall - VI\u0160E OD MAGNEZIJUMA\",\"isPartOf\":{\"@id\":\"https:\\\/\\\/magnall.com\\\/#website\"},\"datePublished\":\"2020-08-06T14:33:38+00:00\",\"dateModified\":\"2020-08-06T14:38:31+00:00\",\"breadcrumb\":{\"@id\":\"https:\\\/\\\/magnall.com\\\/es\\\/magnall-immuno\\\/#breadcrumb\"},\"inLanguage\":\"es\",\"potentialAction\":[{\"@type\":\"ReadAction\",\"target\":[\"https:\\\/\\\/magnall.com\\\/es\\\/magnall-immuno\\\/\"]}]},{\"@type\":\"BreadcrumbList\",\"@id\":\"https:\\\/\\\/magnall.com\\\/es\\\/magnall-immuno\\\/#breadcrumb\",\"itemListElement\":[{\"@type\":\"ListItem\",\"position\":1,\"name\":\"\u041f\u043e\u0447\u0435\u0442\u043d\u0430\",\"item\":\"https:\\\/\\\/magnall.com\\\/es\\\/\"},{\"@type\":\"ListItem\",\"position\":2,\"name\":\"Magnall\u00ae Immuno\"}]},{\"@type\":\"WebSite\",\"@id\":\"https:\\\/\\\/magnall.com\\\/#website\",\"url\":\"https:\\\/\\\/magnall.com\\\/\",\"name\":\"Magnall - VI\u0160E OD MAGNEZIJUMA\",\"description\":\"\",\"potentialAction\":[{\"@type\":\"SearchAction\",\"target\":{\"@type\":\"EntryPoint\",\"urlTemplate\":\"https:\\\/\\\/magnall.com\\\/?s={search_term_string}\"},\"query-input\":{\"@type\":\"PropertyValueSpecification\",\"valueRequired\":true,\"valueName\":\"search_term_string\"}}],\"inLanguage\":\"es\"}]}<\/script>\n<!-- \/ Yoast SEO plugin. -->","yoast_head_json":{"title":"Magnall\u00ae Immuno - Magnall - VI\u0160E OD MAGNEZIJUMA","robots":{"index":"index","follow":"follow","max-snippet":"max-snippet:-1","max-image-preview":"max-image-preview:large","max-video-preview":"max-video-preview:-1"},"canonical":"https:\/\/magnall.com\/es\/magnall-immuno\/","og_locale":"es_ES","og_type":"article","og_title":"Magnall\u00ae Immuno - Magnall - VI\u0160E OD MAGNEZIJUMA","og_description":"[vc_row][vc_column][insight_about image=\u00bb2151&#8243; carousel_images=\u00bb3235,3237,3239,3241,3243&#8243; title=\u00bb\u00bfQU\u00c9 ES Magnall\u00ae Immuno?\u00bb css=\u00bb.vc_custom_1596723069832{margin-bottom: 140px !important;}\u00bb]Magnall\u00ae Immuno como una formulaci\u00f3n de magnesio y zinc, ayuda al cuerpo a mantener la funci\u00f3n normal del sistema inmunol\u00f3gico, a mantener una funci\u00f3n muscular saludable, durante la recuperaci\u00f3n de una enfermedad, durante la actividad f\u00edsica intensa, permite la producci\u00f3n de energ\u00eda para garantizar que el...","og_url":"https:\/\/magnall.com\/es\/magnall-immuno\/","og_site_name":"Magnall - VI\u0160E OD MAGNEZIJUMA","article_modified_time":"2020-08-06T14:38:31+00:00","twitter_card":"summary_large_image","twitter_misc":{"Tiempo de lectura":"3 minutos"},"schema":{"@context":"https:\/\/schema.org","@graph":[{"@type":"WebPage","@id":"https:\/\/magnall.com\/es\/magnall-immuno\/","url":"https:\/\/magnall.com\/es\/magnall-immuno\/","name":"Magnall\u00ae Immuno - Magnall - VI\u0160E OD MAGNEZIJUMA","isPartOf":{"@id":"https:\/\/magnall.com\/#website"},"datePublished":"2020-08-06T14:33:38+00:00","dateModified":"2020-08-06T14:38:31+00:00","breadcrumb":{"@id":"https:\/\/magnall.com\/es\/magnall-immuno\/#breadcrumb"},"inLanguage":"es","potentialAction":[{"@type":"ReadAction","target":["https:\/\/magnall.com\/es\/magnall-immuno\/"]}]},{"@type":"BreadcrumbList","@id":"https:\/\/magnall.com\/es\/magnall-immuno\/#breadcrumb","itemListElement":[{"@type":"ListItem","position":1,"name":"\u041f\u043e\u0447\u0435\u0442\u043d\u0430","item":"https:\/\/magnall.com\/es\/"},{"@type":"ListItem","position":2,"name":"Magnall\u00ae Immuno"}]},{"@type":"WebSite","@id":"https:\/\/magnall.com\/#website","url":"https:\/\/magnall.com\/","name":"Magnall - VI\u0160E OD MAGNEZIJUMA","description":"","potentialAction":[{"@type":"SearchAction","target":{"@type":"EntryPoint","urlTemplate":"https:\/\/magnall.com\/?s={search_term_string}"},"query-input":{"@type":"PropertyValueSpecification","valueRequired":true,"valueName":"search_term_string"}}],"inLanguage":"es"}]}},"jetpack_sharing_enabled":true,"_links":{"self":[{"href":"https:\/\/magnall.com\/es\/wp-json\/wp\/v2\/pages\/14038","targetHints":{"allow":["GET"]}}],"collection":[{"href":"https:\/\/magnall.com\/es\/wp-json\/wp\/v2\/pages"}],"about":[{"href":"https:\/\/magnall.com\/es\/wp-json\/wp\/v2\/types\/page"}],"author":[{"embeddable":true,"href":"https:\/\/magnall.com\/es\/wp-json\/wp\/v2\/users\/8"}],"replies":[{"embeddable":true,"href":"https:\/\/magnall.com\/es\/wp-json\/wp\/v2\/comments?post=14038"}],"version-history":[{"count":5,"href":"https:\/\/magnall.com\/es\/wp-json\/wp\/v2\/pages\/14038\/revisions"}],"predecessor-version":[{"id":14043,"href":"https:\/\/magnall.com\/es\/wp-json\/wp\/v2\/pages\/14038\/revisions\/14043"}],"wp:attachment":[{"href":"https:\/\/magnall.com\/es\/wp-json\/wp\/v2\/media?parent=14038"}],"curies":[{"name":"wp","href":"https:\/\/api.w.org\/{rel}","templated":true}]}}