{"id":14044,"date":"2020-08-06T14:55:44","date_gmt":"2020-08-06T14:55:44","guid":{"rendered":"https:\/\/magnall.com\/?page_id=14044"},"modified":"2020-08-06T15:00:54","modified_gmt":"2020-08-06T15:00:54","slug":"magnall-marine-mineral","status":"publish","type":"page","link":"https:\/\/magnall.com\/es\/magnall-marine-mineral\/","title":{"rendered":"Magnall\u00ae Marine Mineral"},"content":{"rendered":"<section class=\"wpb-content-wrapper\"><p>[vc_row][vc_column][insight_about image=\u00bb2214&#8243; carousel_images=\u00bb8825,8827,8829,8831,8833&#8243; title=\u00bb\u00bfQUE ES Marine Mineral?\u00bb css=\u00bb.vc_custom_1596725348222{margin-bottom: 140px !important;}\u00bb]<strong>Magnall<sup>\u00ae<\/sup> Marine Mineral<\/strong> es un complejo mineral-vitam\u00ednico \u00fanico, que contiene extracto de magnesio natural purificado enriquecido con vitamina B6.<\/p>\n<p>La vitamina B6 facilita la absorci\u00f3n de magnesio del tracto digestivo y facilita su entrada a las c\u00e9lulas.<\/p>\n<p>Se recomienda para personas que tienen calambres y dolor muscular, atletas y personas que est\u00e1n bajo un gran esfuerzo f\u00edsico, mujeres embarazadas y lactantes, mujeres con sindrome premenstrual para aliviar las incomodidades. Tambi\u00e9n puede ser utilizado por pacientes con problemas cardiovasculares, pacientes con diabetes mellitus tipo 2, as\u00ed como pacientes con osteopenia.<\/p>\n<p>La presentaci\u00f3n de <strong>Magnall<sup>\u00ae<\/sup> Marine Mineral<\/strong> es en forma de c\u00e1psulas de origen vegetal y no contienen gluten. El paquete contiene 30 c\u00e1psulas.<br \/>\n[\/insight_about][\/vc_column][\/vc_row][vc_row][vc_column width=\u00bb1\/2&#8243; css=\u00bb.vc_custom_1561973350168{margin-top: -220px !important;}\u00bb offset=\u00bbvc_hidden-md vc_hidden-sm vc_hidden-xs\u00bb][vc_raw_html]JTNDYSUyMGhyZWYlM0QlMjIlMkZwb3J1Y2l2YW5qZSUyRm1hZ25hbGwtbWFyaW5lLW1pbmVyYWwlMkYlMjIlM0UlM0NidXR0b24lMjBpZCUzRCUyMmR1Z21lLWJvamE1JTIyJTIwY2xhc3MlM0QlMjJidG4yJTIwYnRuLXNxdWFyZSUyMGJ0bi1sJTIwZHVnbWVlJTIyJTNFT3JkZW5lJTNDJTJGYnV0dG9uJTNFJTNDJTJGYSUzRQ==[\/vc_raw_html][\/vc_column][vc_column width=\u00bb1\/2&#8243;][\/vc_column][\/vc_row][vc_row][vc_column css=\u00bb.vc_custom_1561977216049{margin-top: -60px !important;}\u00bb offset=\u00bbvc_hidden-lg\u00bb][vc_raw_html]JTNDYSUyMGhyZWYlM0QlMjIlMkZwb3J1Y2l2YW5qZSUyRm1hZ25hbGwtbWFyaW5lLW1pbmVyYWwlMkYlMjIlM0UlM0NidXR0b24lMjBpZCUzRCUyMmR1Z21lLWJvamE1JTIyJTIwY2xhc3MlM0QlMjJidG4yJTIwYnRuLXNxdWFyZSUyMGJ0bi1sJTIwZHVnbWVlJTIyJTNFT3JkZW5lJTNDJTJGYnV0dG9uJTNFJTNDJTJGYSUzRQ==[\/vc_raw_html][\/vc_column][\/vc_row][vc_row full_width=\u00bbstretch_row\u00bb css=\u00bb.vc_custom_1561555754758{background-color: #019966 !important;}\u00bb][vc_column css=\u00bb.vc_custom_1471248372959{padding-top: 0px !important;}\u00bb][insight_title separator_enable=\u00bbyes\u00bb style=\u00bbcolor\u00bb title=\u00bb\u00bfCu\u00e1les son los efectos de Magnall\u00ae Marine Mineral?\u00bb css=\u00bb.vc_custom_1596725408296{margin-top: 100px !important;}\u00bb el_class=\u00bbbela-slova\u00bb][\/vc_column][\/vc_row][vc_row full_width=\u00bbstretch_row\u00bb css=\u00bb.vc_custom_1561555745026{padding-bottom: 50px !important;background-color: #019966 !important;}\u00bb][vc_column width=\u00bb1\/3&#8243;][insight_icon_boxes icon_type=\u00bbcustom\u00bb element_tag=\u00bbh3&#8243; title=\u00bbEnerg\u00eda:\u00bb el_class=\u00bbbela-slova\u00bb custom_icon=\u00bb2367&#8243;]El magnesio contribuye a la reducci\u00f3n de la fatiga y el agotamiento, y junto con la vitamina B6, contribuye a la creaci\u00f3n de energ\u00eda.[\/insight_icon_boxes][insight_icon_boxes icon_type=\u00bbcustom\u00bb element_tag=\u00bbh3&#8243; title=\u00bbM\u00fasculos:\u00bb el_class=\u00bbbela-slova\u00bb custom_icon=\u00bb2371&#8243;]El magnesio y la vitamina B6 contribuyen a la funci\u00f3n normal de los m\u00fasculos, as\u00ed como al m\u00fasculo card\u00edaco.[\/insight_icon_boxes][\/vc_column][vc_column width=\u00bb1\/3&#8243; css=\u00bb.vc_custom_1471248306585{padding-top: 25px !important;}\u00bb][vc_single_image image=\u00bb2365&#8243; img_size=\u00bbfull\u00bb alignment=\u00bbcenter\u00bb][\/vc_column][vc_column width=\u00bb1\/3&#8243;][insight_icon_boxes style=\u00bbicon_on_right\u00bb icon_type=\u00bbcustom\u00bb element_tag=\u00bbh3&#8243; title=\u00bbMetabolismo:\u00bb el_class=\u00bbbela-slova\u00bb custom_icon=\u00bb2369&#8243;]El magnesio contribuye al equilibrio electrol\u00edtico y a la regulaci\u00f3n de la actividad hormonal. La vitamina B6 ayuda en el metabolismo de las grasas, carbohidratos y prote\u00ednas.[\/insight_icon_boxes][insight_icon_boxes style=\u00bbicon_on_right\u00bb icon_type=\u00bbcustom\u00bb element_tag=\u00bbh3&#8243; title=\u00bbSistema nervioso:\u00bb el_class=\u00bbbela-slova\u00bb custom_icon=\u00bb2373&#8243;]El magnesio y la vitamina B6 contribuyen a la funci\u00f3n normal del sistema nervioso.[\/insight_icon_boxes][\/vc_column][\/vc_row][vc_row][vc_column][insight_title separator_enable=\u00bbyes\u00bb style=\u00bbcolor\u00bb color=\u00bb#019966&#8243; title=\u00bbUso\u00bb css=\u00bb.vc_custom_1596726050891{margin-top: 75px !important;margin-bottom: 88px !important;}\u00bb el_class=\u00bbmarine-naslov\u00bb][\/vc_column][\/vc_row][vc_row][vc_column][vc_column_text]<\/p>\n<p style=\"text-align: center; font-size: 19px;\">1 c\u00e1psula al d\u00eda durante la comida.<\/p>\n<p>[\/vc_column_text][\/vc_column][\/vc_row]<\/p>\n<\/section>","protected":false},"excerpt":{"rendered":"<p>[vc_row][vc_column][insight_about image=\u00bb2214&#8243; carousel_images=\u00bb8825,8827,8829,8831,8833&#8243; title=\u00bb\u00bfQUE ES Marine Mineral?\u00bb css=\u00bb.vc_custom_1596725348222{margin-bottom: 140px !important;}\u00bb]Magnall\u00ae Marine Mineral es un complejo mineral-vitam\u00ednico \u00fanico, que contiene extracto de magnesio natural purificado enriquecido con vitamina B6. La vitamina B6 facilita la absorci\u00f3n de magnesio del tracto digestivo y facilita su entrada a las c\u00e9lulas. Se recomienda para personas que tienen calambres y dolor&#8230;<\/p>\n","protected":false},"author":8,"featured_media":0,"parent":0,"menu_order":0,"comment_status":"closed","ping_status":"closed","template":"","meta":{"footnotes":""},"class_list":["post-14044","page","type-page","status-publish","hentry"],"yoast_head":"<!-- This site is optimized with the Yoast SEO plugin v27.4 - https:\/\/yoast.com\/product\/yoast-seo-wordpress\/ -->\n<title>Magnall\u00ae Marine Mineral - Magnall - VI\u0160E OD MAGNEZIJUMA<\/title>\n<meta name=\"robots\" content=\"index, follow, max-snippet:-1, max-image-preview:large, max-video-preview:-1\" \/>\n<link rel=\"canonical\" href=\"https:\/\/magnall.com\/es\/magnall-marine-mineral\/\" \/>\n<meta property=\"og:locale\" content=\"es_ES\" \/>\n<meta property=\"og:type\" content=\"article\" \/>\n<meta property=\"og:title\" content=\"Magnall\u00ae Marine Mineral - Magnall - VI\u0160E OD MAGNEZIJUMA\" \/>\n<meta property=\"og:description\" content=\"[vc_row][vc_column][insight_about image=\u00bb2214&#8243; carousel_images=\u00bb8825,8827,8829,8831,8833&#8243; title=\u00bb\u00bfQUE ES Marine Mineral?\u00bb css=\u00bb.vc_custom_1596725348222{margin-bottom: 140px !important;}\u00bb]Magnall\u00ae Marine Mineral es un complejo mineral-vitam\u00ednico \u00fanico, que contiene extracto de magnesio natural purificado enriquecido con vitamina B6. La vitamina B6 facilita la absorci\u00f3n de magnesio del tracto digestivo y facilita su entrada a las c\u00e9lulas. Se recomienda para personas que tienen calambres y dolor...\" \/>\n<meta property=\"og:url\" content=\"https:\/\/magnall.com\/es\/magnall-marine-mineral\/\" \/>\n<meta property=\"og:site_name\" content=\"Magnall - VI\u0160E OD MAGNEZIJUMA\" \/>\n<meta property=\"article:modified_time\" content=\"2020-08-06T15:00:54+00:00\" \/>\n<meta name=\"twitter:card\" content=\"summary_large_image\" \/>\n<meta name=\"twitter:label1\" content=\"Tiempo de lectura\" \/>\n\t<meta name=\"twitter:data1\" content=\"3 minutos\" \/>\n<script type=\"application\/ld+json\" class=\"yoast-schema-graph\">{\"@context\":\"https:\\\/\\\/schema.org\",\"@graph\":[{\"@type\":\"WebPage\",\"@id\":\"https:\\\/\\\/magnall.com\\\/es\\\/magnall-marine-mineral\\\/\",\"url\":\"https:\\\/\\\/magnall.com\\\/es\\\/magnall-marine-mineral\\\/\",\"name\":\"Magnall\u00ae Marine Mineral - Magnall - VI\u0160E OD MAGNEZIJUMA\",\"isPartOf\":{\"@id\":\"https:\\\/\\\/magnall.com\\\/#website\"},\"datePublished\":\"2020-08-06T14:55:44+00:00\",\"dateModified\":\"2020-08-06T15:00:54+00:00\",\"breadcrumb\":{\"@id\":\"https:\\\/\\\/magnall.com\\\/es\\\/magnall-marine-mineral\\\/#breadcrumb\"},\"inLanguage\":\"es\",\"potentialAction\":[{\"@type\":\"ReadAction\",\"target\":[\"https:\\\/\\\/magnall.com\\\/es\\\/magnall-marine-mineral\\\/\"]}]},{\"@type\":\"BreadcrumbList\",\"@id\":\"https:\\\/\\\/magnall.com\\\/es\\\/magnall-marine-mineral\\\/#breadcrumb\",\"itemListElement\":[{\"@type\":\"ListItem\",\"position\":1,\"name\":\"\u041f\u043e\u0447\u0435\u0442\u043d\u0430\",\"item\":\"https:\\\/\\\/magnall.com\\\/es\\\/\"},{\"@type\":\"ListItem\",\"position\":2,\"name\":\"Magnall\u00ae Marine Mineral\"}]},{\"@type\":\"WebSite\",\"@id\":\"https:\\\/\\\/magnall.com\\\/#website\",\"url\":\"https:\\\/\\\/magnall.com\\\/\",\"name\":\"Magnall - VI\u0160E OD MAGNEZIJUMA\",\"description\":\"\",\"potentialAction\":[{\"@type\":\"SearchAction\",\"target\":{\"@type\":\"EntryPoint\",\"urlTemplate\":\"https:\\\/\\\/magnall.com\\\/?s={search_term_string}\"},\"query-input\":{\"@type\":\"PropertyValueSpecification\",\"valueRequired\":true,\"valueName\":\"search_term_string\"}}],\"inLanguage\":\"es\"}]}<\/script>\n<!-- \/ Yoast SEO plugin. -->","yoast_head_json":{"title":"Magnall\u00ae Marine Mineral - Magnall - VI\u0160E OD MAGNEZIJUMA","robots":{"index":"index","follow":"follow","max-snippet":"max-snippet:-1","max-image-preview":"max-image-preview:large","max-video-preview":"max-video-preview:-1"},"canonical":"https:\/\/magnall.com\/es\/magnall-marine-mineral\/","og_locale":"es_ES","og_type":"article","og_title":"Magnall\u00ae Marine Mineral - Magnall - VI\u0160E OD MAGNEZIJUMA","og_description":"[vc_row][vc_column][insight_about image=\u00bb2214&#8243; carousel_images=\u00bb8825,8827,8829,8831,8833&#8243; title=\u00bb\u00bfQUE ES Marine Mineral?\u00bb css=\u00bb.vc_custom_1596725348222{margin-bottom: 140px !important;}\u00bb]Magnall\u00ae Marine Mineral es un complejo mineral-vitam\u00ednico \u00fanico, que contiene extracto de magnesio natural purificado enriquecido con vitamina B6. La vitamina B6 facilita la absorci\u00f3n de magnesio del tracto digestivo y facilita su entrada a las c\u00e9lulas. Se recomienda para personas que tienen calambres y dolor...","og_url":"https:\/\/magnall.com\/es\/magnall-marine-mineral\/","og_site_name":"Magnall - VI\u0160E OD MAGNEZIJUMA","article_modified_time":"2020-08-06T15:00:54+00:00","twitter_card":"summary_large_image","twitter_misc":{"Tiempo de lectura":"3 minutos"},"schema":{"@context":"https:\/\/schema.org","@graph":[{"@type":"WebPage","@id":"https:\/\/magnall.com\/es\/magnall-marine-mineral\/","url":"https:\/\/magnall.com\/es\/magnall-marine-mineral\/","name":"Magnall\u00ae Marine Mineral - Magnall - VI\u0160E OD MAGNEZIJUMA","isPartOf":{"@id":"https:\/\/magnall.com\/#website"},"datePublished":"2020-08-06T14:55:44+00:00","dateModified":"2020-08-06T15:00:54+00:00","breadcrumb":{"@id":"https:\/\/magnall.com\/es\/magnall-marine-mineral\/#breadcrumb"},"inLanguage":"es","potentialAction":[{"@type":"ReadAction","target":["https:\/\/magnall.com\/es\/magnall-marine-mineral\/"]}]},{"@type":"BreadcrumbList","@id":"https:\/\/magnall.com\/es\/magnall-marine-mineral\/#breadcrumb","itemListElement":[{"@type":"ListItem","position":1,"name":"\u041f\u043e\u0447\u0435\u0442\u043d\u0430","item":"https:\/\/magnall.com\/es\/"},{"@type":"ListItem","position":2,"name":"Magnall\u00ae Marine Mineral"}]},{"@type":"WebSite","@id":"https:\/\/magnall.com\/#website","url":"https:\/\/magnall.com\/","name":"Magnall - VI\u0160E OD MAGNEZIJUMA","description":"","potentialAction":[{"@type":"SearchAction","target":{"@type":"EntryPoint","urlTemplate":"https:\/\/magnall.com\/?s={search_term_string}"},"query-input":{"@type":"PropertyValueSpecification","valueRequired":true,"valueName":"search_term_string"}}],"inLanguage":"es"}]}},"jetpack_sharing_enabled":true,"_links":{"self":[{"href":"https:\/\/magnall.com\/es\/wp-json\/wp\/v2\/pages\/14044","targetHints":{"allow":["GET"]}}],"collection":[{"href":"https:\/\/magnall.com\/es\/wp-json\/wp\/v2\/pages"}],"about":[{"href":"https:\/\/magnall.com\/es\/wp-json\/wp\/v2\/types\/page"}],"author":[{"embeddable":true,"href":"https:\/\/magnall.com\/es\/wp-json\/wp\/v2\/users\/8"}],"replies":[{"embeddable":true,"href":"https:\/\/magnall.com\/es\/wp-json\/wp\/v2\/comments?post=14044"}],"version-history":[{"count":4,"href":"https:\/\/magnall.com\/es\/wp-json\/wp\/v2\/pages\/14044\/revisions"}],"predecessor-version":[{"id":14048,"href":"https:\/\/magnall.com\/es\/wp-json\/wp\/v2\/pages\/14044\/revisions\/14048"}],"wp:attachment":[{"href":"https:\/\/magnall.com\/es\/wp-json\/wp\/v2\/media?parent=14044"}],"curies":[{"name":"wp","href":"https:\/\/api.w.org\/{rel}","templated":true}]}}