{"id":1675,"date":"2019-06-20T10:42:36","date_gmt":"2019-06-20T10:42:36","guid":{"rendered":"http:\/\/magnall.com\/?post_type=product&#038;p=1675"},"modified":"2026-01-30T21:34:06","modified_gmt":"2026-01-30T21:34:06","slug":"magnall-marine-mineral","status":"publish","type":"product","link":"https:\/\/magnall.com\/es\/porucivanje\/magnall-marine-mineral\/","title":{"rendered":"Magnall Marine Mineral"},"content":{"rendered":"<p><strong>Magnall<sup>\u00ae<\/sup> Marine Mineral<\/strong>\u00a0predstavlja jedinstveni mineralno-vitaminski kompleks, koji sadr\u017ei pre\u010di\u0161\u0107eni prirodni ekstrakt magnezijuma oboga\u0107en vitaminom B6.<\/p>\n<p>Vitamin B6 olak\u0161ava apsorpciju magnezijuma iz digestivnog trakta i poma\u017ee njegov prolazak u \u0107elije.<\/p>\n","protected":false},"excerpt":{"rendered":"<p>Preporu\u010duje se kod osoba koje imaju gr\u010deve i bolove u mi\u0161i\u0107ima, sportistima i osobama koje su pod velikim fizi\u010dkim optere\u0107enjima, trudnicama i dojiljama, \u017eenama u period PMS-a radi ubla\u017eavanja tegoba. Tako\u0111e ga mogu koristiti i pacijenti sa kardiovaskularnim tegobama, pacijenti sa dijabetes melitusom tipa 2, kao i pacijenti sa osteopenijom.\u00a0<strong>Magnall Marine Mineral<\/strong> je u formi kapsula, koje su biljnog porekla i ne sadr\u017ei gluten.<br \/>\n<strong>Pakovanje:<\/strong> 30 kapsula.<\/p>\n","protected":false},"featured_media":14681,"comment_status":"open","ping_status":"closed","template":"","meta":[],"product_brand":[],"product_cat":[52,50],"product_tag":[67,66,68,63],"class_list":{"0":"post-1675","1":"product","2":"type-product","3":"status-publish","4":"has-post-thumbnail","6":"product_cat-magnall-proizvodi","7":"product_cat-marine","8":"product_tag-energija","9":"product_tag-metabolizam","10":"product_tag-misici","11":"product_tag-nervni-sistem","13":"first","14":"instock","15":"shipping-taxable","16":"purchasable","17":"product-type-simple"},"yoast_head":"<!-- This site is optimized with the Yoast SEO plugin v27.4 - https:\/\/yoast.com\/product\/yoast-seo-wordpress\/ -->\n<title>Magnall Marine Mineral - Magnall - VI\u0160E OD MAGNEZIJUMA<\/title>\n<meta name=\"robots\" content=\"index, follow, max-snippet:-1, max-image-preview:large, max-video-preview:-1\" \/>\n<link rel=\"canonical\" href=\"https:\/\/magnall.com\/porucivanje\/magnall-marine-mineral\/\" \/>\n<meta property=\"og:locale\" content=\"es_ES\" \/>\n<meta property=\"og:type\" content=\"article\" \/>\n<meta property=\"og:title\" content=\"Magnall Marine Mineral - Magnall - VI\u0160E OD MAGNEZIJUMA\" \/>\n<meta property=\"og:description\" content=\"Preporu\u010duje se kod osoba koje imaju gr\u010deve i bolove u mi\u0161i\u0107ima, sportistima i osobama koje su pod velikim fizi\u010dkim optere\u0107enjima, trudnicama i dojiljama, \u017eenama u period PMS-a radi ubla\u017eavanja tegoba. Tako\u0111e ga mogu koristiti i pacijenti sa kardiovaskularnim tegobama, pacijenti sa dijabetes melitusom tipa 2, kao i pacijenti sa osteopenijom.\u00a0Magnall Marine Mineral je u formi kapsula, koje su biljnog porekla i ne sadr\u017ei gluten. Pakovanje: 30 kapsula.\" \/>\n<meta property=\"og:url\" content=\"https:\/\/magnall.com\/porucivanje\/magnall-marine-mineral\/\" \/>\n<meta property=\"og:site_name\" content=\"Magnall - VI\u0160E OD MAGNEZIJUMA\" \/>\n<meta property=\"article:modified_time\" content=\"2026-01-30T21:34:06+00:00\" \/>\n<meta property=\"og:image\" content=\"https:\/\/magnall.com\/wp-content\/uploads\/2019\/06\/magnall-marine-mineral-1.jpg\" \/>\n\t<meta property=\"og:image:width\" content=\"570\" \/>\n\t<meta property=\"og:image:height\" content=\"570\" \/>\n\t<meta property=\"og:image:type\" content=\"image\/jpeg\" \/>\n<meta name=\"twitter:card\" content=\"summary_large_image\" \/>\n<script type=\"application\/ld+json\" class=\"yoast-schema-graph\">{\"@context\":\"https:\\\/\\\/schema.org\",\"@graph\":[{\"@type\":\"WebPage\",\"@id\":\"https:\\\/\\\/magnall.com\\\/porucivanje\\\/magnall-marine-mineral\\\/\",\"url\":\"https:\\\/\\\/magnall.com\\\/porucivanje\\\/magnall-marine-mineral\\\/\",\"name\":\"Magnall Marine Mineral - Magnall - VI\u0160E OD MAGNEZIJUMA\",\"isPartOf\":{\"@id\":\"https:\\\/\\\/magnall.com\\\/#website\"},\"primaryImageOfPage\":{\"@id\":\"https:\\\/\\\/magnall.com\\\/porucivanje\\\/magnall-marine-mineral\\\/#primaryimage\"},\"image\":{\"@id\":\"https:\\\/\\\/magnall.com\\\/porucivanje\\\/magnall-marine-mineral\\\/#primaryimage\"},\"thumbnailUrl\":\"https:\\\/\\\/magnall.com\\\/wp-content\\\/uploads\\\/2019\\\/06\\\/magnall-marine-mineral-1.jpg\",\"datePublished\":\"2019-06-20T10:42:36+00:00\",\"dateModified\":\"2026-01-30T21:34:06+00:00\",\"breadcrumb\":{\"@id\":\"https:\\\/\\\/magnall.com\\\/porucivanje\\\/magnall-marine-mineral\\\/#breadcrumb\"},\"inLanguage\":\"es\",\"potentialAction\":[{\"@type\":\"ReadAction\",\"target\":[\"https:\\\/\\\/magnall.com\\\/porucivanje\\\/magnall-marine-mineral\\\/\"]}]},{\"@type\":\"ImageObject\",\"inLanguage\":\"es\",\"@id\":\"https:\\\/\\\/magnall.com\\\/porucivanje\\\/magnall-marine-mineral\\\/#primaryimage\",\"url\":\"https:\\\/\\\/magnall.com\\\/wp-content\\\/uploads\\\/2019\\\/06\\\/magnall-marine-mineral-1.jpg\",\"contentUrl\":\"https:\\\/\\\/magnall.com\\\/wp-content\\\/uploads\\\/2019\\\/06\\\/magnall-marine-mineral-1.jpg\",\"width\":570,\"height\":570},{\"@type\":\"BreadcrumbList\",\"@id\":\"https:\\\/\\\/magnall.com\\\/porucivanje\\\/magnall-marine-mineral\\\/#breadcrumb\",\"itemListElement\":[{\"@type\":\"ListItem\",\"position\":1,\"name\":\"\u041f\u043e\u0447\u0435\u0442\u043d\u0430\",\"item\":\"https:\\\/\\\/magnall.com\\\/es\\\/\"},{\"@type\":\"ListItem\",\"position\":2,\"name\":\"Poru\u010divanje\",\"item\":\"https:\\\/\\\/magnall.com\\\/porucivanje\\\/\"},{\"@type\":\"ListItem\",\"position\":3,\"name\":\"Magnall Marine Mineral\"}]},{\"@type\":\"WebSite\",\"@id\":\"https:\\\/\\\/magnall.com\\\/#website\",\"url\":\"https:\\\/\\\/magnall.com\\\/\",\"name\":\"Magnall - VI\u0160E OD MAGNEZIJUMA\",\"description\":\"\",\"potentialAction\":[{\"@type\":\"SearchAction\",\"target\":{\"@type\":\"EntryPoint\",\"urlTemplate\":\"https:\\\/\\\/magnall.com\\\/?s={search_term_string}\"},\"query-input\":{\"@type\":\"PropertyValueSpecification\",\"valueRequired\":true,\"valueName\":\"search_term_string\"}}],\"inLanguage\":\"es\"}]}<\/script>\n<!-- \/ Yoast SEO plugin. -->","yoast_head_json":{"title":"Magnall Marine Mineral - Magnall - VI\u0160E OD MAGNEZIJUMA","robots":{"index":"index","follow":"follow","max-snippet":"max-snippet:-1","max-image-preview":"max-image-preview:large","max-video-preview":"max-video-preview:-1"},"canonical":"https:\/\/magnall.com\/porucivanje\/magnall-marine-mineral\/","og_locale":"es_ES","og_type":"article","og_title":"Magnall Marine Mineral - Magnall - VI\u0160E OD MAGNEZIJUMA","og_description":"Preporu\u010duje se kod osoba koje imaju gr\u010deve i bolove u mi\u0161i\u0107ima, sportistima i osobama koje su pod velikim fizi\u010dkim optere\u0107enjima, trudnicama i dojiljama, \u017eenama u period PMS-a radi ubla\u017eavanja tegoba. Tako\u0111e ga mogu koristiti i pacijenti sa kardiovaskularnim tegobama, pacijenti sa dijabetes melitusom tipa 2, kao i pacijenti sa osteopenijom.\u00a0Magnall Marine Mineral je u formi kapsula, koje su biljnog porekla i ne sadr\u017ei gluten. Pakovanje: 30 kapsula.","og_url":"https:\/\/magnall.com\/porucivanje\/magnall-marine-mineral\/","og_site_name":"Magnall - VI\u0160E OD MAGNEZIJUMA","article_modified_time":"2026-01-30T21:34:06+00:00","og_image":[{"width":570,"height":570,"url":"https:\/\/magnall.com\/wp-content\/uploads\/2019\/06\/magnall-marine-mineral-1.jpg","type":"image\/jpeg"}],"twitter_card":"summary_large_image","schema":{"@context":"https:\/\/schema.org","@graph":[{"@type":"WebPage","@id":"https:\/\/magnall.com\/porucivanje\/magnall-marine-mineral\/","url":"https:\/\/magnall.com\/porucivanje\/magnall-marine-mineral\/","name":"Magnall Marine Mineral - Magnall - VI\u0160E OD MAGNEZIJUMA","isPartOf":{"@id":"https:\/\/magnall.com\/#website"},"primaryImageOfPage":{"@id":"https:\/\/magnall.com\/porucivanje\/magnall-marine-mineral\/#primaryimage"},"image":{"@id":"https:\/\/magnall.com\/porucivanje\/magnall-marine-mineral\/#primaryimage"},"thumbnailUrl":"https:\/\/magnall.com\/wp-content\/uploads\/2019\/06\/magnall-marine-mineral-1.jpg","datePublished":"2019-06-20T10:42:36+00:00","dateModified":"2026-01-30T21:34:06+00:00","breadcrumb":{"@id":"https:\/\/magnall.com\/porucivanje\/magnall-marine-mineral\/#breadcrumb"},"inLanguage":"es","potentialAction":[{"@type":"ReadAction","target":["https:\/\/magnall.com\/porucivanje\/magnall-marine-mineral\/"]}]},{"@type":"ImageObject","inLanguage":"es","@id":"https:\/\/magnall.com\/porucivanje\/magnall-marine-mineral\/#primaryimage","url":"https:\/\/magnall.com\/wp-content\/uploads\/2019\/06\/magnall-marine-mineral-1.jpg","contentUrl":"https:\/\/magnall.com\/wp-content\/uploads\/2019\/06\/magnall-marine-mineral-1.jpg","width":570,"height":570},{"@type":"BreadcrumbList","@id":"https:\/\/magnall.com\/porucivanje\/magnall-marine-mineral\/#breadcrumb","itemListElement":[{"@type":"ListItem","position":1,"name":"\u041f\u043e\u0447\u0435\u0442\u043d\u0430","item":"https:\/\/magnall.com\/es\/"},{"@type":"ListItem","position":2,"name":"Poru\u010divanje","item":"https:\/\/magnall.com\/porucivanje\/"},{"@type":"ListItem","position":3,"name":"Magnall Marine Mineral"}]},{"@type":"WebSite","@id":"https:\/\/magnall.com\/#website","url":"https:\/\/magnall.com\/","name":"Magnall - VI\u0160E OD MAGNEZIJUMA","description":"","potentialAction":[{"@type":"SearchAction","target":{"@type":"EntryPoint","urlTemplate":"https:\/\/magnall.com\/?s={search_term_string}"},"query-input":{"@type":"PropertyValueSpecification","valueRequired":true,"valueName":"search_term_string"}}],"inLanguage":"es"}]}},"jetpack_sharing_enabled":true,"_links":{"self":[{"href":"https:\/\/magnall.com\/es\/wp-json\/wp\/v2\/product\/1675","targetHints":{"allow":["GET"]}}],"collection":[{"href":"https:\/\/magnall.com\/es\/wp-json\/wp\/v2\/product"}],"about":[{"href":"https:\/\/magnall.com\/es\/wp-json\/wp\/v2\/types\/product"}],"replies":[{"embeddable":true,"href":"https:\/\/magnall.com\/es\/wp-json\/wp\/v2\/comments?post=1675"}],"wp:featuredmedia":[{"embeddable":true,"href":"https:\/\/magnall.com\/es\/wp-json\/wp\/v2\/media\/14681"}],"wp:attachment":[{"href":"https:\/\/magnall.com\/es\/wp-json\/wp\/v2\/media?parent=1675"}],"wp:term":[{"taxonomy":"product_brand","embeddable":true,"href":"https:\/\/magnall.com\/es\/wp-json\/wp\/v2\/product_brand?post=1675"},{"taxonomy":"product_cat","embeddable":true,"href":"https:\/\/magnall.com\/es\/wp-json\/wp\/v2\/product_cat?post=1675"},{"taxonomy":"product_tag","embeddable":true,"href":"https:\/\/magnall.com\/es\/wp-json\/wp\/v2\/product_tag?post=1675"}],"curies":[{"name":"wp","href":"https:\/\/api.w.org\/{rel}","templated":true}]}}