{"id":1681,"date":"2019-06-20T10:43:46","date_gmt":"2019-06-20T10:43:46","guid":{"rendered":"http:\/\/magnall.com\/?post_type=product&#038;p=1681"},"modified":"2025-08-12T10:14:35","modified_gmt":"2025-08-12T10:14:35","slug":"magnall-direct","status":"publish","type":"product","link":"https:\/\/magnall.com\/es\/porucivanje\/magnall-direct\/","title":{"rendered":"Magnall Direct"},"content":{"rendered":"<p>Magnall<sup>\u00ae<\/sup> Direct u samo 1 kesici i prakti\u010dnom primenom obezbe\u0111uje preporu\u010dene dnevne potrebe za magnezijumom (375 mg).<\/p>\n<p>Zahvaljuju\u0107i tehnologiji proizvodnje i na\u010dinu primene, Magnall Direct ima\u00a0<strong>zna\u010dajne prednosti<\/strong>\u00a0u odnosu na druge preparate magnezijuma.<\/p>\n","protected":false},"excerpt":{"rendered":"<p>Preporu\u010duje se kod osoba koje imaju gr\u010deve i bolove u mi\u0161i\u0107ima, sportistima i osobama koje su pod velikim fizi\u010dkim optere\u0107enjima, trudnicama i dojiljama, \u017eenama u period PMS-a radi ubla\u017eavanja tegoba.<br \/>\nPrakti\u010dan na\u010din primene, bez dodavanja te\u010dnosti, omogu\u0107ava da se Magnall Direct mo\u017ee primeniti uvek i na svakom mestu.<br \/>\n<strong>Pakovanje:<\/strong> 20 kesica<\/p>\n","protected":false},"featured_media":14693,"comment_status":"open","ping_status":"closed","template":"","meta":[],"product_brand":[],"product_cat":[41,52],"product_tag":[70,67,69,68,63],"class_list":{"0":"post-1681","1":"product","2":"type-product","3":"status-publish","4":"has-post-thumbnail","6":"product_cat-direct","7":"product_cat-magnall-proizvodi","8":"product_tag-direct","9":"product_tag-energija","10":"product_tag-kosti","11":"product_tag-misici","12":"product_tag-nervni-sistem","14":"first","15":"outofstock","16":"shipping-taxable","17":"purchasable","18":"product-type-simple"},"yoast_head":"<!-- This site is optimized with the Yoast SEO plugin v27.3 - https:\/\/yoast.com\/product\/yoast-seo-wordpress\/ -->\n<title>Magnall Direct - Magnall - VI\u0160E OD MAGNEZIJUMA<\/title>\n<meta name=\"robots\" content=\"index, follow, max-snippet:-1, max-image-preview:large, max-video-preview:-1\" \/>\n<link rel=\"canonical\" href=\"https:\/\/magnall.com\/porucivanje\/magnall-direct\/\" \/>\n<meta property=\"og:locale\" content=\"es_ES\" \/>\n<meta property=\"og:type\" content=\"article\" \/>\n<meta property=\"og:title\" content=\"Magnall Direct - Magnall - VI\u0160E OD MAGNEZIJUMA\" \/>\n<meta property=\"og:description\" content=\"Preporu\u010duje se kod osoba koje imaju gr\u010deve i bolove u mi\u0161i\u0107ima, sportistima i osobama koje su pod velikim fizi\u010dkim optere\u0107enjima, trudnicama i dojiljama, \u017eenama u period PMS-a radi ubla\u017eavanja tegoba. Prakti\u010dan na\u010din primene, bez dodavanja te\u010dnosti, omogu\u0107ava da se Magnall Direct mo\u017ee primeniti uvek i na svakom mestu. Pakovanje: 20 kesica\" \/>\n<meta property=\"og:url\" content=\"https:\/\/magnall.com\/porucivanje\/magnall-direct\/\" \/>\n<meta property=\"og:site_name\" content=\"Magnall - VI\u0160E OD MAGNEZIJUMA\" \/>\n<meta property=\"article:modified_time\" content=\"2025-08-12T10:14:35+00:00\" \/>\n<meta property=\"og:image\" content=\"https:\/\/magnall.com\/wp-content\/uploads\/2019\/06\/magnall-direct-2.jpg\" \/>\n\t<meta property=\"og:image:width\" content=\"570\" \/>\n\t<meta property=\"og:image:height\" content=\"570\" \/>\n\t<meta property=\"og:image:type\" content=\"image\/jpeg\" \/>\n<meta name=\"twitter:card\" content=\"summary_large_image\" \/>\n<meta name=\"twitter:label1\" content=\"Tiempo de lectura\" \/>\n\t<meta name=\"twitter:data1\" content=\"1 minuto\" \/>\n<script type=\"application\/ld+json\" class=\"yoast-schema-graph\">{\"@context\":\"https:\\\/\\\/schema.org\",\"@graph\":[{\"@type\":\"WebPage\",\"@id\":\"https:\\\/\\\/magnall.com\\\/porucivanje\\\/magnall-direct\\\/\",\"url\":\"https:\\\/\\\/magnall.com\\\/porucivanje\\\/magnall-direct\\\/\",\"name\":\"Magnall Direct - Magnall - VI\u0160E OD MAGNEZIJUMA\",\"isPartOf\":{\"@id\":\"https:\\\/\\\/magnall.com\\\/#website\"},\"primaryImageOfPage\":{\"@id\":\"https:\\\/\\\/magnall.com\\\/porucivanje\\\/magnall-direct\\\/#primaryimage\"},\"image\":{\"@id\":\"https:\\\/\\\/magnall.com\\\/porucivanje\\\/magnall-direct\\\/#primaryimage\"},\"thumbnailUrl\":\"https:\\\/\\\/magnall.com\\\/wp-content\\\/uploads\\\/2019\\\/06\\\/magnall-direct-2.jpg\",\"datePublished\":\"2019-06-20T10:43:46+00:00\",\"dateModified\":\"2025-08-12T10:14:35+00:00\",\"breadcrumb\":{\"@id\":\"https:\\\/\\\/magnall.com\\\/porucivanje\\\/magnall-direct\\\/#breadcrumb\"},\"inLanguage\":\"es\",\"potentialAction\":[{\"@type\":\"ReadAction\",\"target\":[\"https:\\\/\\\/magnall.com\\\/porucivanje\\\/magnall-direct\\\/\"]}]},{\"@type\":\"ImageObject\",\"inLanguage\":\"es\",\"@id\":\"https:\\\/\\\/magnall.com\\\/porucivanje\\\/magnall-direct\\\/#primaryimage\",\"url\":\"https:\\\/\\\/magnall.com\\\/wp-content\\\/uploads\\\/2019\\\/06\\\/magnall-direct-2.jpg\",\"contentUrl\":\"https:\\\/\\\/magnall.com\\\/wp-content\\\/uploads\\\/2019\\\/06\\\/magnall-direct-2.jpg\",\"width\":570,\"height\":570},{\"@type\":\"BreadcrumbList\",\"@id\":\"https:\\\/\\\/magnall.com\\\/porucivanje\\\/magnall-direct\\\/#breadcrumb\",\"itemListElement\":[{\"@type\":\"ListItem\",\"position\":1,\"name\":\"\u041f\u043e\u0447\u0435\u0442\u043d\u0430\",\"item\":\"https:\\\/\\\/magnall.com\\\/es\\\/\"},{\"@type\":\"ListItem\",\"position\":2,\"name\":\"Poru\u010divanje\",\"item\":\"https:\\\/\\\/magnall.com\\\/porucivanje\\\/\"},{\"@type\":\"ListItem\",\"position\":3,\"name\":\"Magnall Direct\"}]},{\"@type\":\"WebSite\",\"@id\":\"https:\\\/\\\/magnall.com\\\/#website\",\"url\":\"https:\\\/\\\/magnall.com\\\/\",\"name\":\"Magnall - VI\u0160E OD MAGNEZIJUMA\",\"description\":\"\",\"potentialAction\":[{\"@type\":\"SearchAction\",\"target\":{\"@type\":\"EntryPoint\",\"urlTemplate\":\"https:\\\/\\\/magnall.com\\\/?s={search_term_string}\"},\"query-input\":{\"@type\":\"PropertyValueSpecification\",\"valueRequired\":true,\"valueName\":\"search_term_string\"}}],\"inLanguage\":\"es\"}]}<\/script>\n<!-- \/ Yoast SEO plugin. -->","yoast_head_json":{"title":"Magnall Direct - Magnall - VI\u0160E OD MAGNEZIJUMA","robots":{"index":"index","follow":"follow","max-snippet":"max-snippet:-1","max-image-preview":"max-image-preview:large","max-video-preview":"max-video-preview:-1"},"canonical":"https:\/\/magnall.com\/porucivanje\/magnall-direct\/","og_locale":"es_ES","og_type":"article","og_title":"Magnall Direct - Magnall - VI\u0160E OD MAGNEZIJUMA","og_description":"Preporu\u010duje se kod osoba koje imaju gr\u010deve i bolove u mi\u0161i\u0107ima, sportistima i osobama koje su pod velikim fizi\u010dkim optere\u0107enjima, trudnicama i dojiljama, \u017eenama u period PMS-a radi ubla\u017eavanja tegoba. Prakti\u010dan na\u010din primene, bez dodavanja te\u010dnosti, omogu\u0107ava da se Magnall Direct mo\u017ee primeniti uvek i na svakom mestu. Pakovanje: 20 kesica","og_url":"https:\/\/magnall.com\/porucivanje\/magnall-direct\/","og_site_name":"Magnall - VI\u0160E OD MAGNEZIJUMA","article_modified_time":"2025-08-12T10:14:35+00:00","og_image":[{"width":570,"height":570,"url":"https:\/\/magnall.com\/wp-content\/uploads\/2019\/06\/magnall-direct-2.jpg","type":"image\/jpeg"}],"twitter_card":"summary_large_image","twitter_misc":{"Tiempo de lectura":"1 minuto"},"schema":{"@context":"https:\/\/schema.org","@graph":[{"@type":"WebPage","@id":"https:\/\/magnall.com\/porucivanje\/magnall-direct\/","url":"https:\/\/magnall.com\/porucivanje\/magnall-direct\/","name":"Magnall Direct - Magnall - VI\u0160E OD MAGNEZIJUMA","isPartOf":{"@id":"https:\/\/magnall.com\/#website"},"primaryImageOfPage":{"@id":"https:\/\/magnall.com\/porucivanje\/magnall-direct\/#primaryimage"},"image":{"@id":"https:\/\/magnall.com\/porucivanje\/magnall-direct\/#primaryimage"},"thumbnailUrl":"https:\/\/magnall.com\/wp-content\/uploads\/2019\/06\/magnall-direct-2.jpg","datePublished":"2019-06-20T10:43:46+00:00","dateModified":"2025-08-12T10:14:35+00:00","breadcrumb":{"@id":"https:\/\/magnall.com\/porucivanje\/magnall-direct\/#breadcrumb"},"inLanguage":"es","potentialAction":[{"@type":"ReadAction","target":["https:\/\/magnall.com\/porucivanje\/magnall-direct\/"]}]},{"@type":"ImageObject","inLanguage":"es","@id":"https:\/\/magnall.com\/porucivanje\/magnall-direct\/#primaryimage","url":"https:\/\/magnall.com\/wp-content\/uploads\/2019\/06\/magnall-direct-2.jpg","contentUrl":"https:\/\/magnall.com\/wp-content\/uploads\/2019\/06\/magnall-direct-2.jpg","width":570,"height":570},{"@type":"BreadcrumbList","@id":"https:\/\/magnall.com\/porucivanje\/magnall-direct\/#breadcrumb","itemListElement":[{"@type":"ListItem","position":1,"name":"\u041f\u043e\u0447\u0435\u0442\u043d\u0430","item":"https:\/\/magnall.com\/es\/"},{"@type":"ListItem","position":2,"name":"Poru\u010divanje","item":"https:\/\/magnall.com\/porucivanje\/"},{"@type":"ListItem","position":3,"name":"Magnall Direct"}]},{"@type":"WebSite","@id":"https:\/\/magnall.com\/#website","url":"https:\/\/magnall.com\/","name":"Magnall - VI\u0160E OD MAGNEZIJUMA","description":"","potentialAction":[{"@type":"SearchAction","target":{"@type":"EntryPoint","urlTemplate":"https:\/\/magnall.com\/?s={search_term_string}"},"query-input":{"@type":"PropertyValueSpecification","valueRequired":true,"valueName":"search_term_string"}}],"inLanguage":"es"}]}},"jetpack_sharing_enabled":true,"_links":{"self":[{"href":"https:\/\/magnall.com\/es\/wp-json\/wp\/v2\/product\/1681","targetHints":{"allow":["GET"]}}],"collection":[{"href":"https:\/\/magnall.com\/es\/wp-json\/wp\/v2\/product"}],"about":[{"href":"https:\/\/magnall.com\/es\/wp-json\/wp\/v2\/types\/product"}],"replies":[{"embeddable":true,"href":"https:\/\/magnall.com\/es\/wp-json\/wp\/v2\/comments?post=1681"}],"wp:featuredmedia":[{"embeddable":true,"href":"https:\/\/magnall.com\/es\/wp-json\/wp\/v2\/media\/14693"}],"wp:attachment":[{"href":"https:\/\/magnall.com\/es\/wp-json\/wp\/v2\/media?parent=1681"}],"wp:term":[{"taxonomy":"product_brand","embeddable":true,"href":"https:\/\/magnall.com\/es\/wp-json\/wp\/v2\/product_brand?post=1681"},{"taxonomy":"product_cat","embeddable":true,"href":"https:\/\/magnall.com\/es\/wp-json\/wp\/v2\/product_cat?post=1681"},{"taxonomy":"product_tag","embeddable":true,"href":"https:\/\/magnall.com\/es\/wp-json\/wp\/v2\/product_tag?post=1681"}],"curies":[{"name":"wp","href":"https:\/\/api.w.org\/{rel}","templated":true}]}}